{"id":7535,"date":"2025-04-18T13:54:55","date_gmt":"2025-04-18T13:54:55","guid":{"rendered":"https:\/\/soumicosmetics.com\/?post_type=product&#038;p=7535"},"modified":"2025-04-28T15:56:17","modified_gmt":"2025-04-28T15:56:17","slug":"pack-anti-age-eclat-peau-mature","status":"publish","type":"product","link":"https:\/\/soumicosmetics.com\/ar\/product\/pack-anti-age-eclat-peau-mature\/","title":{"rendered":"Pack Anti-\u00c2ge &#038; Eclat (Peau Mature)"},"content":{"rendered":"<div data-elementor-type=\"wp-post\" data-elementor-id=\"7535\" class=\"elementor elementor-7535\">\n\t\t\t\t<div class=\"elementor-element elementor-element-6edca223 e-flex e-con-boxed e-con e-parent\" data-id=\"6edca223\" data-element_type=\"container\" data-e-type=\"container\">\n\t\t\t\t\t<div class=\"e-con-inner\">\n\t\t\t\t<div class=\"elementor-element elementor-element-38ee131f texte-coupe elementor-widget elementor-widget-text-editor\" data-id=\"38ee131f\" data-element_type=\"widget\" data-e-type=\"widget\" data-widget_type=\"text-editor.default\">\n\t\t\t\t<div class=\"elementor-widget-container\">\n\t\t\t\t\t\t\t\t\t<p><span style=\"font-weight: 400;\">1.<\/span><b>Masque D\u00e9tox (Premi\u00e8re \u00e9tape)<\/b><\/p><ul><li><span style=\"font-weight: 400;\">Purifie la peau en profondeur pour \u00e9liminer les impuret\u00e9s.<\/span><\/li><li><span style=\"font-weight: 400;\">D\u00e9toxifie et pr\u00e9pare la peau \u00e0 recevoir les soins suivants.<\/span><\/li><li><span style=\"font-weight: 400;\">R\u00e9duit visiblement l&#8217;apparence des pores.<\/span><\/li><li><span style=\"font-weight: 400;\">Exfolie en douceur pour \u00e9liminer les cellules mortes et nettoyer la peau en profondeur, laissant une peau plus nette et lumineuse.<\/span><\/li><\/ul><ol start=\"2\"><li><b>Eau de Rose (Deuxi\u00e8me \u00e9tape)<\/b><\/li><\/ol><ul><li><span style=\"font-weight: 400;\">Tonifie et rafra\u00eechit la peau.<\/span><\/li><li><span style=\"font-weight: 400;\">Apporte une hydratation l\u00e9g\u00e8re et \u00e9quilibre le pH.<\/span><\/li><li><span style=\"font-weight: 400;\">Pr\u00e9pare la peau pour une meilleure absorption des soins suivants.<\/span><\/li><li><span style=\"font-weight: 400;\">Id\u00e9ale pour les peaux s\u00e8ches, elle peut \u00e9galement \u00eatre utilis\u00e9e le matin pour nettoyer et apaiser la peau, en lui apportant douceur et confort.<\/span><\/li><\/ul><p><b>3 S\u00e9rum \u00c9clat (Quatri\u00e8me \u00e9tape)<\/b><\/p><ul><li><span style=\"font-weight: 400;\">Illumine le teint et uniformise la peau.<\/span><\/li><li><span style=\"font-weight: 400;\">Estompe les taches et imperfections pour une peau \u00e9clatante.<\/span><\/li><li><span style=\"font-weight: 400;\">Offre une hydratation profonde pour une peau plus souple.<\/span><\/li><li><span style=\"font-weight: 400;\">Resserre les pores et r\u00e9duit leur apparence.<\/span><\/li><li><span style=\"font-weight: 400;\">Apporte un effet bonne mine imm\u00e9diat, pour une peau lumineuse et radieuse d\u00e8s les premi\u00e8res applications.\u00a0<\/span><\/li><\/ul><p><b>4 S\u00e9rum Anti-\u00c2ge Revitalisant (Cinqui\u00e8me \u00e9tape)<\/b><\/p><ul><li><span style=\"font-weight: 400;\">\u00e0 base d&#8217;oliban il nourrit intens\u00e9ment la peau.<\/span><\/li><li><span style=\"font-weight: 400;\">Combat les signes du vieillissement en r\u00e9duisant l&#8217;apparence des rides et ridules.<\/span><\/li><li><span style=\"font-weight: 400;\">Apporte une hydratation en profondeur pour une peau plus lisse et revitalis\u00e9e.<\/span><\/li><li><span style=\"font-weight: 400;\">Am\u00e9liore l&#8217;\u00e9lasticit\u00e9 de la peau, pour un teint plus ferme et \u00e9clatant.<\/span><\/li><li><span style=\"font-weight: 400;\">Renforce la barri\u00e8re cutan\u00e9e et prot\u00e8ge la peau des agressions ext\u00e9rieures.<\/span><\/li><\/ul>\t\t\t\t\t\t\t\t<\/div>\n\t\t\t\t<\/div>\n\t\t\t\t<div class=\"elementor-element elementor-element-7dba420d elementor-widget elementor-widget-html\" data-id=\"7dba420d\" data-element_type=\"widget\" data-e-type=\"widget\" data-widget_type=\"html.default\">\n\t\t\t\t<div class=\"elementor-widget-container\">\n\t\t\t\t\t<div class=\"bouton-voir-plus\">Voir plus<\/div>\n<script>\ndocument.addEventListener('DOMContentLoaded', function() {\n  const bouton = document.querySelector('.bouton-voir-plus');\n  const texte = document.querySelector('.texte-coupe');\n\n  bouton.addEventListener('click', function() {\n    texte.classList.toggle('expand');\n    if (texte.classList.contains('expand')) {\n      bouton.textContent = \"Voir moins\";\n    } else {\n      bouton.textContent = \"Voir plus\";\n    }\n  });\n});\n<\/script>\t\t\t\t<\/div>\n\t\t\t\t<\/div>\n\t\t\t\t\t<\/div>\n\t\t\t\t<\/div>\n\t\t\t\t<\/div>","protected":false},"excerpt":{"rendered":"<p><b>80 % des utilisateurs ont constat\u00e9 une peau visiblement plus hydrat\u00e9e et \u00e9clatante, avec une am\u00e9lioration de la fermet\u00e9 et une r\u00e9duction des signes de l&#8217;\u00e2ge apr\u00e8s une utilisation r\u00e9guli\u00e8re de cette routine.<\/b><\/p>","protected":false},"featured_media":0,"comment_status":"open","ping_status":"closed","template":"","meta":{"_monsterinsights_skip_tracking":false,"_monsterinsights_sitenote_active":false,"_monsterinsights_sitenote_note":"","_monsterinsights_sitenote_category":0},"product_brand":[],"product_cat":[132,152,150],"product_tag":[102,97,101,99,98,100,103],"class_list":{"0":"post-7535","1":"product","2":"type-product","3":"status-publish","5":"product_cat-par-probleme-de-peaux","6":"product_cat-peau-mature","7":"product_cat-rides-et-ridules","8":"product_tag-hydratant-anti-rides-bio","9":"product_tag-serum-anti-age-bio","10":"product_tag-serum-bio-pour-peau-mature","11":"product_tag-serum-liftant-naturel","12":"product_tag-soins-naturels-pour-reduire-les-rides","13":"product_tag-soins-visage-anti-age-bio","14":"product_tag-solution-naturelle-contre-le-vieillissement-de-la-peau","17":"instock","18":"featured","19":"shipping-taxable","20":"purchasable","21":"product-type-woosb"},"_links":{"self":[{"href":"https:\/\/soumicosmetics.com\/ar\/wp-json\/wp\/v2\/product\/7535","targetHints":{"allow":["GET"]}}],"collection":[{"href":"https:\/\/soumicosmetics.com\/ar\/wp-json\/wp\/v2\/product"}],"about":[{"href":"https:\/\/soumicosmetics.com\/ar\/wp-json\/wp\/v2\/types\/product"}],"replies":[{"embeddable":true,"href":"https:\/\/soumicosmetics.com\/ar\/wp-json\/wp\/v2\/comments?post=7535"}],"version-history":[{"count":6,"href":"https:\/\/soumicosmetics.com\/ar\/wp-json\/wp\/v2\/product\/7535\/revisions"}],"predecessor-version":[{"id":7865,"href":"https:\/\/soumicosmetics.com\/ar\/wp-json\/wp\/v2\/product\/7535\/revisions\/7865"}],"wp:attachment":[{"href":"https:\/\/soumicosmetics.com\/ar\/wp-json\/wp\/v2\/media?parent=7535"}],"wp:term":[{"taxonomy":"product_brand","embeddable":true,"href":"https:\/\/soumicosmetics.com\/ar\/wp-json\/wp\/v2\/product_brand?post=7535"},{"taxonomy":"product_cat","embeddable":true,"href":"https:\/\/soumicosmetics.com\/ar\/wp-json\/wp\/v2\/product_cat?post=7535"},{"taxonomy":"product_tag","embeddable":true,"href":"https:\/\/soumicosmetics.com\/ar\/wp-json\/wp\/v2\/product_tag?post=7535"}],"curies":[{"name":"wp","href":"https:\/\/api.w.org\/{rel}","templated":true}]}}