{"id":7533,"date":"2025-04-18T13:47:39","date_gmt":"2025-04-18T13:47:39","guid":{"rendered":"https:\/\/soumicosmetics.com\/?post_type=product&#038;p=7533"},"modified":"2025-04-28T15:42:49","modified_gmt":"2025-04-28T15:42:49","slug":"pack-pores-dilates-points-noirs","status":"publish","type":"product","link":"https:\/\/soumicosmetics.com\/ar\/product\/pack-pores-dilates-points-noirs\/","title":{"rendered":"Pack Pores Dilat\u00e9s &#038; Points Noirs"},"content":{"rendered":"<div data-elementor-type=\"wp-post\" data-elementor-id=\"7533\" class=\"elementor elementor-7533\">\n\t\t\t\t<div class=\"elementor-element elementor-element-293c3cd4 e-flex e-con-boxed e-con e-parent\" data-id=\"293c3cd4\" data-element_type=\"container\" data-e-type=\"container\">\n\t\t\t\t\t<div class=\"e-con-inner\">\n\t\t\t\t<div class=\"elementor-element elementor-element-53c77bef texte-coupe elementor-widget elementor-widget-text-editor\" data-id=\"53c77bef\" data-element_type=\"widget\" data-e-type=\"widget\" data-widget_type=\"text-editor.default\">\n\t\t\t\t<div class=\"elementor-widget-container\">\n\t\t\t\t\t\t\t\t\t<p><b>1.Masque D\u00e9tox (Premi\u00e8re \u00e9tape)<\/b><\/p><ul><li><span style=\"font-weight: 400;\">Purifie la peau en profondeur pour \u00e9liminer les impuret\u00e9s.<\/span><\/li><li><span style=\"font-weight: 400;\">D\u00e9toxifie et pr\u00e9pare la peau \u00e0 recevoir les soins suivants.<\/span><\/li><li><span style=\"font-weight: 400;\">R\u00e9duit visiblement l&#8217;apparence des pores.<\/span><\/li><\/ul><p><b>2. Eau de Rose (Deuxi\u00e8me \u00e9tape)<\/b><\/p><ul><li style=\"font-weight: 400;\" aria-level=\"1\"><span style=\"font-weight: 400;\">Tonifie et rafra\u00eechit la peau.<\/span><\/li><li style=\"font-weight: 400;\" aria-level=\"1\"><span style=\"font-weight: 400;\">Apporte une hydratation l\u00e9g\u00e8re et \u00e9quilibre le pH.<\/span><\/li><li style=\"font-weight: 400;\" aria-level=\"1\"><span style=\"font-weight: 400;\">Pr\u00e9pare la peau pour une meilleure absorption des soins suivants.<\/span><\/li><\/ul><p><b>3. Ampoule \u00e0 l&#8217;Acide Hyaluronique et B5 (Troisi\u00e8me \u00e9tape)<\/b><\/p><ul><li style=\"font-weight: 400;\" aria-level=\"1\"><span style=\"font-weight: 400;\">Apporte une hydratation intense et repulpe la peau.<\/span><\/li><li style=\"font-weight: 400;\" aria-level=\"1\"><span style=\"font-weight: 400;\">Aide \u00e0 maintenir l&#8217;\u00e9lasticit\u00e9 et la fermet\u00e9 de la peau.<\/span><\/li><li style=\"font-weight: 400;\" aria-level=\"1\"><span style=\"font-weight: 400;\">R\u00e9duit les signes de d\u00e9shydratation pour une peau plus lisse et rebondie.<\/span><\/li><\/ul><p><b>\u00a0 4.S\u00e9rum \u00c9clat (Quatri\u00e8me \u00e9tape)<\/b><\/p><ul><li style=\"font-weight: 400;\" aria-level=\"1\"><span style=\"font-weight: 400;\">Illumine le teint et uniformise la peau.<\/span><\/li><li style=\"font-weight: 400;\" aria-level=\"1\"><span style=\"font-weight: 400;\">Estompe les taches et imperfections pour une peau \u00e9clatante.<\/span><\/li><li style=\"font-weight: 400;\" aria-level=\"1\"><span style=\"font-weight: 400;\">Offre une hydratation profonde pour une peau plus souple.<\/span><\/li><li style=\"font-weight: 400;\" aria-level=\"1\"><span style=\"font-weight: 400;\">Resserre les pores et r\u00e9duit leur apparence.<\/span><\/li><\/ul><p>\u00a0<\/p>\t\t\t\t\t\t\t\t<\/div>\n\t\t\t\t<\/div>\n\t\t\t\t<div class=\"elementor-element elementor-element-13dd65d1 elementor-widget elementor-widget-html\" data-id=\"13dd65d1\" data-element_type=\"widget\" data-e-type=\"widget\" data-widget_type=\"html.default\">\n\t\t\t\t<div class=\"elementor-widget-container\">\n\t\t\t\t\t<div class=\"bouton-voir-plus\">Voir plus<\/div>\n<script>\ndocument.addEventListener('DOMContentLoaded', function() {\n  const bouton = document.querySelector('.bouton-voir-plus');\n  const texte = document.querySelector('.texte-coupe');\n\n  bouton.addEventListener('click', function() {\n    texte.classList.toggle('expand');\n    if (texte.classList.contains('expand')) {\n      bouton.textContent = \"Voir moins\";\n    } else {\n      bouton.textContent = \"Voir plus\";\n    }\n  });\n});\n<\/script>\t\t\t\t<\/div>\n\t\t\t\t<\/div>\n\t\t\t\t\t<\/div>\n\t\t\t\t<\/div>\n\t\t\t\t<\/div>","protected":false},"excerpt":{"rendered":"<p><b>85 % des utilisateurs ont constat\u00e9 une r\u00e9duction visible de leurs points noirs, des pores resserr\u00e9s, ainsi qu&#8217;une peau plus \u00e9clatante et hydrat\u00e9e apr\u00e8s une utilisation r\u00e9guli\u00e8re de cette routine.<\/b><\/p>","protected":false},"featured_media":0,"comment_status":"open","ping_status":"closed","template":"","meta":{"_monsterinsights_skip_tracking":false,"_monsterinsights_sitenote_active":false,"_monsterinsights_sitenote_note":"","_monsterinsights_sitenote_category":0},"product_brand":[],"product_cat":[132,149,158],"product_tag":[102,97,101,99,98,100,103],"class_list":{"0":"post-7533","1":"product","2":"type-product","3":"status-publish","5":"product_cat-par-probleme-de-peaux","6":"product_cat-points-noirs","7":"product_cat-pores-dilates","8":"product_tag-hydratant-anti-rides-bio","9":"product_tag-serum-anti-age-bio","10":"product_tag-serum-bio-pour-peau-mature","11":"product_tag-serum-liftant-naturel","12":"product_tag-soins-naturels-pour-reduire-les-rides","13":"product_tag-soins-visage-anti-age-bio","14":"product_tag-solution-naturelle-contre-le-vieillissement-de-la-peau","17":"instock","18":"featured","19":"shipping-taxable","20":"purchasable","21":"product-type-woosb"},"_links":{"self":[{"href":"https:\/\/soumicosmetics.com\/ar\/wp-json\/wp\/v2\/product\/7533","targetHints":{"allow":["GET"]}}],"collection":[{"href":"https:\/\/soumicosmetics.com\/ar\/wp-json\/wp\/v2\/product"}],"about":[{"href":"https:\/\/soumicosmetics.com\/ar\/wp-json\/wp\/v2\/types\/product"}],"replies":[{"embeddable":true,"href":"https:\/\/soumicosmetics.com\/ar\/wp-json\/wp\/v2\/comments?post=7533"}],"version-history":[{"count":6,"href":"https:\/\/soumicosmetics.com\/ar\/wp-json\/wp\/v2\/product\/7533\/revisions"}],"predecessor-version":[{"id":7860,"href":"https:\/\/soumicosmetics.com\/ar\/wp-json\/wp\/v2\/product\/7533\/revisions\/7860"}],"wp:attachment":[{"href":"https:\/\/soumicosmetics.com\/ar\/wp-json\/wp\/v2\/media?parent=7533"}],"wp:term":[{"taxonomy":"product_brand","embeddable":true,"href":"https:\/\/soumicosmetics.com\/ar\/wp-json\/wp\/v2\/product_brand?post=7533"},{"taxonomy":"product_cat","embeddable":true,"href":"https:\/\/soumicosmetics.com\/ar\/wp-json\/wp\/v2\/product_cat?post=7533"},{"taxonomy":"product_tag","embeddable":true,"href":"https:\/\/soumicosmetics.com\/ar\/wp-json\/wp\/v2\/product_tag?post=7533"}],"curies":[{"name":"wp","href":"https:\/\/api.w.org\/{rel}","templated":true}]}}