{"id":6115,"date":"2025-01-17T12:20:57","date_gmt":"2025-01-17T12:20:57","guid":{"rendered":"https:\/\/soumicosmetics.com\/?post_type=product&#038;p=6115"},"modified":"2025-04-29T18:33:41","modified_gmt":"2025-04-29T18:33:41","slug":"pack-visage-acneique","status":"publish","type":"product","link":"https:\/\/soumicosmetics.com\/ar\/product\/pack-visage-acneique\/","title":{"rendered":"Pack Anti Imperfection"},"content":{"rendered":"<div data-elementor-type=\"wp-post\" data-elementor-id=\"6115\" class=\"elementor elementor-6115\">\n\t\t\t\t<div class=\"elementor-element elementor-element-2a23bf1 e-flex e-con-boxed e-con e-parent\" data-id=\"2a23bf1\" data-element_type=\"container\" data-e-type=\"container\">\n\t\t\t\t\t<div class=\"e-con-inner\">\n\t\t\t\t<div class=\"elementor-element elementor-element-229f132 elementor-widget elementor-widget-shortcode\" data-id=\"229f132\" data-element_type=\"widget\" data-e-type=\"widget\" data-widget_type=\"shortcode.default\">\n\t\t\t\t<div class=\"elementor-widget-container\">\n\t\t\t\t\t\t\t<div class=\"elementor-shortcode\"><style id=\"sp_wpcp_dynamic_css7870\">#wpcpro-wrapper-7870 .wpcpro-post-load-more button,#wpcpro-wrapper-7870 .wpcpro-post-pagination .page-numbers, #wpcpro-wrapper-7870 .wpcpro-load-more button{ color: #5e5e5e; border-color: #dddddd; background: #ffffff;}#wpcpro-wrapper-7870 .wpcpro-load-more button:hover,#wpcpro-wrapper-7870 .wpcpro-post-load-more button:hover{ color: #ffffff; border-color: #178087; background: #178087;}#wpcpro-wrapper-7870 .wpcpro-load-more,#wpcpro-wrapper-7870 .wpcpro-infinite-scroll-loader,#wpcpro-wrapper-7870 .wpcpro-post-load-more, #wpcpro-wrapper-7870 .wpcpro-post-pagination { text-align: center;}#wpcpro-wrapper-7870 .wpcpro-post-pagination .page-numbers:hover,#wpcpro-wrapper-7870 .wpcpro-post-pagination .page-numbers.current,#wpcpro-wrapper-7870 .wpcpro-post-pagination .page-numbers.current{ color: #ffffff; border-color: #178087; background: #178087;}#wpcpro-wrapper-7870 #sp-wp-carousel-pro-id-7870.wpcp-carousel-section.sp-wpcp-7870 .wpcpro-row [class*=\"wpcpro-col-\"] {padding-right: 10px;padding-left: 10px;padding-bottom: 20px;}#wpcpro-wrapper-7870 #sp-wp-carousel-pro-id-7870.wpcp-carousel-section.swiper-grid-column .swiper-slide {padding-bottom: 10px;padding-top: 10px;}#wpcpro-wrapper-7870:not(.wpcp-justified) #sp-wp-carousel-pro-id-7870.wpcp-carousel-section.sp-wpcp-7870 .wpcpro-row {margin-right: -10px;margin-left: -10px;}#wpcpro-wrapper-7870 #sp-wp-carousel-pro-id-7870.wpcp-carousel-section.sp-wpcp-7870 .wpcpro-gallery-thumbs .swiper-slide{margin-top: 20px;}#wpcpro-wrapper-7870 #sp-wp-carousel-pro-id-7870.wpcp-carousel-section.sp-wpcp-7870 .wpcpro-gallery-thumbs img{height: 140px;object-fit: cover;}#wpcpro-wrapper-7870 #sp-wp-carousel-pro-id-7870.wpcp-carousel-section.sp-wpcp-7870.wpcp-advance-effect .swiper-slide .single-item-fade:not(:last-child) {margin-right: 20px;}#wpcpro-wrapper-7870 .wpcp-kenburn .wpcpro-gallery-slider .swiper-slide .wpcp-single-item img,#wpcpro-wrapper-7870 .wpcp-kenburn .swiper-slide .swiper-slide-kenburn {transition: transform 3000ms linear;}#wpcpro-wrapper-7870 #sp-wp-carousel-pro-id-7870.wpcp-carousel-section.sp-wpcp-7870 .wpcp-prev-button,#wpcpro-wrapper-7870 #sp-wp-carousel-pro-id-7870.wpcp-carousel-section.sp-wpcp-7870 .wpcp-next-button {color: #aaa;background-color: transparent;border: 0px solid;border-color: #aaa;border-radius: 0%;font-size: 20px;height: 30px;width: 30px;pointer-events: auto;}#wpcpro-wrapper-7870 #sp-wp-carousel-pro-id-7870.wpcp-carousel-section.sp-wpcp-7870 .wpcp-prev-button:hover,#wpcpro-wrapper-7870 #sp-wp-carousel-pro-id-7870.wpcp-carousel-section.sp-wpcp-7870 .wpcp-next-button:hover {color: #79274f;background-color: transparent;border-color: #79274f;font-size: 20px;}#wpcpro-wrapper-7870 #sp-wp-carousel-pro-id-7870.wpcp-carousel-section.sp-wpcp-7870.detail-with-overlay .wpcp-all-captions {background: rgba(0,0,0,0.55);}#wpcpro-wrapper-7870 #sp-wp-carousel-pro-id-7870.wpcp-carousel-section.sp-wpcp-7870.detail-with-overlay.content-box .wpcp-all-captions,#wpcpro-wrapper-7870 #sp-wp-carousel-pro-id-7870.wpcp-carousel-section.sp-wpcp-7870.detail-with-overlay.caption-on-moving .wpcp-all-captions {background: rgba(0,0,0,0.55);}#wpcpro-wrapper-7870 #sp-wp-carousel-pro-id-7870.wpcp-carousel-section.sp-wpcp-7870.detail-with-overlay.overlay-on-left .wpcp-all-captions {width: 50%;overflow: hidden;right: unset;}#wpcpro-wrapper-7870 #sp-wp-carousel-pro-id-7870.wpcp-carousel-section.sp-wpcp-7870.detail-with-overlay.overlay-on-right .wpcp-all-captions {width: 50%;overflow: hidden;left: unset;}#wpcpro-wrapper-7870 #sp-wp-carousel-pro-id-7870.wpcp-carousel-section.sp-wpcp-7870.detail-on-right .wpcp-all-captions,#wpcpro-wrapper-7870 #sp-wp-carousel-pro-id-7870.wpcp-carousel-section.sp-wpcp-7870.detail-on-left .wpcp-all-captions,#wpcpro-wrapper-7870 #sp-wp-carousel-pro-id-7870.wpcp-carousel-section.sp-wpcp-7870.detail-with-overlay:not(.content-box) .wpcp-all-captions{padding: 0px 0px 0px 0px;}#wpcpro-wrapper-7870 #sp-wp-carousel-pro-id-7870.wpcp-carousel-section.sp-wpcp-7870 .wpcp-swiper-dots,#wpcpro-wrapper-7870 #sp-wp-carousel-pro-id-7870.wpcp-carousel-section.sp-wpcp-7870.swiper-horizontal>.wpcp-pagination-scrollbar {margin: 40px 0px 0px 0px;bottom: unset;}#wpcpro-wrapper-7870 #sp-wp-carousel-pro-id-7870.wpcp-carousel-section.sp-wpcp-7870 .wpcp-swiper-dots .swiper-pagination-bullet,#wpcpro-wrapper-7870 #sp-wp-carousel-pro-id-7870.wpcp-carousel-section.sp-wpcp-7870 .wpcp-pagination-scrollbar {background-color: #cccccc;opacity: 1;}#wpcpro-wrapper-7870 #sp-wp-carousel-pro-id-7870.wpcp-carousel-section.sp-wpcp-7870 .wpcp-swiper-dots .swiper-pagination-bullet.swiper-pagination-bullet-active,#wpcpro-wrapper-7870 #sp-wp-carousel-pro-id-7870.wpcp-carousel-section.sp-wpcp-7870 .wpcp-pagination-scrollbar .swiper-scrollbar-drag {background-color: #79274f;}#wpcpro-wrapper-7870 #sp-wp-carousel-pro-id-7870.wpcp-carousel-section.sp-wpcp-7870 .wpcp-single-item {border: 1px solid #dddddd;padding: 2px 2px 2px 2px;border-radius: 5px;}@media screen and (min-width: 1201px) {#wpcpro-wrapper-7870:not(.wpcp-justified) #sp-wp-carousel-pro-id-7870.wpcp-carousel-section.sp-wpcp-7870:not(.wpcp-content-carousel) > div:not(.wpcpro-gallery-thumbs) .wpcp-single-item img { max-height:700px;}}@media screen and (min-width: 981px) and (max-width: 1201px) {#wpcpro-wrapper-7870:not(.wpcp-justified) #sp-wp-carousel-pro-id-7870.wpcp-carousel-section.sp-wpcp-7870:not(.wpcp-content-carousel) > div:not(.wpcpro-gallery-thumbs) .wpcp-single-item img { max-height:600px;}}@media screen and (min-width: 737px) and (max-width: 980px) {#wpcpro-wrapper-7870:not(.wpcp-justified) #sp-wp-carousel-pro-id-7870.wpcp-carousel-section.sp-wpcp-7870:not(.wpcp-content-carousel) > div:not(.wpcpro-gallery-thumbs) .wpcp-single-item img { max-height:500px; }}@media screen and (min-width: 481px) and (max-width: 736px) {#wpcpro-wrapper-7870:not(.wpcp-justified) #sp-wp-carousel-pro-id-7870.wpcp-carousel-section.sp-wpcp-7870:not(.wpcp-content-carousel)> div:not(.wpcpro-gallery-thumbs) .wpcp-single-item img { max-height:400px; }}@media screen and (max-width: 480px) {#wpcpro-wrapper-7870:not(.wpcp-justified) #sp-wp-carousel-pro-id-7870.wpcp-carousel-section.sp-wpcp-7870:not(.wpcp-content-carousel) > div:not(.wpcpro-gallery-thumbs) .wpcp-single-item img { max-height:300px; }}#wpcpro-wrapper-7870 #sp-wp-carousel-pro-id-7870.sp-wpcp-7870 .wpcp-slide-image img,#wpcpro-wrapper-7870 #sp-wp-carousel-pro-id-7870.sp-wpcp-7870 .wpcp-single-item.wpcp-mix-content img,#wpcpro-wrapper-7870 #sp-wp-carousel-pro-id-7870.sp-wpcp-7870 .wpcp-slide-image .wpcp_icon_overlay,#wpcpro-wrapper-7870 #sp-wp-carousel-pro-id-7870.sp-wpcp-7870 .wpcp-product-carousel .wpcp-slide-image a {border-radius: 0px;overflow: hidden;}#wpcpro-wrapper-7870 #sp-wp-carousel-pro-id-7870.sp-wpcp-7870:not(.wpcp-content-carousel):not(.swiper-gl) .wpcp-single-item {background: #ffffff;}#wpcpro-wrapper-7870 .wpcp-carousel-section.detail-on-bottom.swiper-gl .wpcp-all-caption{background: #ffffff;display: none !important;}#wpcpro-wrapper-7870 .wpcp-carousel-section.detail-on-bottom.swiper-gl .wpcp-all-captions{background: #ffffff;}#wpcpro-wrapper-7870 #sp-wp-carousel-pro-id-7870.sp-wpcp-7870.wpcp-image-carousel .wpcp-slide-image img,#wpcpro-wrapper-7870 #sp-wp-carousel-pro-id-7870.sp-wpcp-7870.wpcp-product-carousel .wpcp-slide-image a img,#wpcpro-wrapper-7870 #sp-wp-carousel-pro-id-7870.sp-wpcp-7870.wpcp-post-carousel .wpcp-slide-image a img{border: 0px solid #dddddd;}#wpcpro-wrapper-7870 #sp-wp-carousel-pro-id-7870.sp-wpcp-7870.wpcp-image-carousel .wpcp-slide-image a:hover img,#wpcpro-wrapper-7870 #sp-wp-carousel-pro-id-7870.sp-wpcp-7870.wpcp-post-carousel .wpcp-slide-image a:hover img,#wpcpro-wrapper-7870 #sp-wp-carousel-pro-id-7870.sp-wpcp-7870.wpcp-product-carousel .wpcp-slide-image a:hover img{border-color: #dddddd;} .sp-wp-carousel-pro-id-7870.wpcp-fancybox-wrapper .fancybox-navigation .fancybox-button .wpcp-fancybox-nav-arrow i {color: #ccc;}.sp-wp-carousel-pro-id-7870.wpcp-fancybox-wrapper .fancybox-navigation .fancybox-button .wpcp-fancybox-nav-arrow i:hover {color: #fff;}.sp-wp-carousel-pro-id-7870.wpcp-fancybox-wrapper .fancybox-navigation .fancybox-button {background: #1e1e1e;}.sp-wp-carousel-pro-id-7870.wpcp-fancybox-wrapper .fancybox-navigation .fancybox-button:hover {background: #1e1e1e;}.sp-wp-carousel-pro-id-7870.wpcp-fancybox-wrapper .fancybox-caption .wpcp_image_details{color: #ffffff;}#wpcpro-wrapper-7870 #sp-wp-carousel-pro-id-7870.wpcp-carousel-section .wpcp-mix-content .wpcp_icon_overlay i,#wpcpro-wrapper-7870 #sp-wp-carousel-pro-id-7870.wpcp-carousel-section.wpcp-image-carousel .wpcp-slide-image .wpcp_icon_overlay i {font-size: 16px;color: #fff;background: rgba(0, 0, 0, 0.5);padding : 10px;border-radius: 50%;height: 32px;width: 32px;}#wpcpro-wrapper-7870 #sp-wp-carousel-pro-id-7870.wpcp-carousel-section .wpcp-mix-content .wpcp_icon_overlay,#wpcpro-wrapper-7870 #sp-wp-carousel-pro-id-7870.wpcp-carousel-section.wpcp-image-carousel .wpcp-slide-image .wpcp_icon_overlay {background-color: rgba(0,0,0,0.5);}#wpcpro-wrapper-7870 #sp-wp-carousel-pro-id-7870.wpcp-carousel-section .wpcp-mix-content .wpcp_icon_overlay i:hover,#wpcpro-wrapper-7870 #sp-wp-carousel-pro-id-7870.wpcp-carousel-section.wpcp-image-carousel .wpcp-slide-image .wpcp_icon_overlay i:hover {color: #fff;background: rgba(0, 0, 0, 0.8);}#wpcpro-wrapper-7870:not(.wpcpro-thumbnail-slider) .wpcp-swiper-wrapper{margin-bottom: 60px;}#wpcpro-wrapper-7870 .fashion-slider .wpcp-carousel-section{background-color: rgb(159, 160, 81);}.wpcpro-wrapper .wpcp-carousel-section.detail-on-right .wpcp-single-item,.wpcpro-wrapper .wpcp-carousel-section.detail-on-left .wpcp-single-item {flex-direction: column;}@media (min-width: 480px) {.wpcpro-row .wpcpro-col-sm-1 {flex: 0 0 100%;max-width: 100%;}.wpcpro-row .wpcpro-col-sm-2 {flex: 0 0 50%;max-width: 50%;}.wpcpro-row .wpcpro-col-sm-2-5 {flex: 0 0 75%;max-width: 75%;}.wpcpro-row .wpcpro-col-sm-3 {flex: 0 0 33.333%;max-width: 33.333%;}.wpcpro-row .wpcpro-col-sm-4 {flex: 0 0 25%;max-width: 25%;}.wpcpro-row .wpcpro-col-sm-5 {flex: 0 0 20%;max-width: 20%;}.wpcpro-row .wpcpro-col-sm-6 {flex: 0 0 16.66666666666667%;max-width: 16.66666666666667%;}.wpcpro-row .wpcpro-col-sm-7 {flex: 0 0 14.28571428%;max-width: 14.28571428%;}.wpcpro-row .wpcpro-col-sm-8 {flex: 0 0 12.5%;max-width: 12.5%;}.wpcpro-wrapper .wpcp-carousel-section.detail-on-right .wpcp-single-item {flex-direction: row;}.wpcpro-wrapper .wpcp-carousel-section.detail-on-left .wpcp-single-item {flex-direction: row-reverse;}}@media (max-width: 480px) {.wpcpro-row .wpcpro-col-xs-1 {flex: 0 0 100%;max-width: 100%;}.wpcpro-row .wpcpro-col-xs-2 {flex: 0 0 50%;max-width: 50%;}.wpcpro-row .wpcpro-col-xs-3 {flex: 0 0 33.222%;max-width: 33.222%;}.wpcpro-row .wpcpro-col-xs-4 {flex: 0 0 25%;max-width: 25%;}.wpcpro-row .wpcpro-col-xs-5 {flex: 0 0 20%;max-width: 20%;}.wpcpro-row .wpcpro-col-xs-6 {flex: 0 0 16.6667%;max-width: 16.6667%;}.wpcpro-row .wpcpro-col-xs-7 {flex: 0 0 14.28571428%;max-width: 14.28571428%;}.wpcpro-row .wpcpro-col-xs-8 {flex: 0 0 12.5%;max-width: 12.5%;}}@media (min-width: 736px) {.wpcpro-row .wpcpro-col-md-1 {flex: 0 0 100%;max-width: 100%;}.wpcpro-row .wpcpro-col-md-2 {flex: 0 0 50%;max-width: 50%;}.wpcpro-row .wpcpro-col-md-2-5 {flex: 0 0 75%;max-width: 75%;}.wpcpro-row .wpcpro-col-md-3 {flex: 0 0 33.333%;max-width: 33.333%;}.wpcpro-row .wpcpro-col-md-4 {flex: 0 0 25%;max-width: 25%;}.wpcpro-row .wpcpro-col-md-5 {flex: 0 0 20%;max-width: 20%;}.wpcpro-row .wpcpro-col-md-6 {flex: 0 0 16.66666666666667%;max-width: 16.66666666666667%;}.wpcpro-row .wpcpro-col-md-7 {flex: 0 0 14.28571428%;max-width: 14.28571428%;}.wpcpro-row .wpcpro-col-md-8 {flex: 0 0 12.5%;max-width: 12.5%;}}@media (min-width: 980px) {.wpcpro-row .wpcpro-col-lg-1 {flex: 0 0 100%;max-width: 100%;}.wpcpro-row .wpcpro-col-lg-2 {flex: 0 0 50%;max-width: 50%;}.wpcpro-row .wpcpro-col-lg-3 {flex: 0 0 33.222%;max-width: 33.222%;}.wpcpro-row .wpcpro-col-lg-4 {flex: 0 0 25%;max-width: 25%;}.wpcpro-row .wpcpro-col-lg-5 {flex: 0 0 20%;max-width: 20%;}.wpcpro-row .wpcpro-col-lg-6 {flex: 0 0 16.6667%;max-width: 16.6667%;}.wpcpro-row .wpcpro-col-lg-7 {flex: 0 0 14.28571428%;max-width: 14.28571428%;}.wpcpro-row .wpcpro-col-lg-8 {flex: 0 0 12.5%;max-width: 12.5%;}}@media (min-width: 1200px) {.wpcpro-row .wpcpro-col-xl-1 {flex: 0 0 100%;max-width: 100%;}.wpcpro-row .wpcpro-col-xl-2 {flex: 0 0 50%;max-width: 50%;}.wpcpro-row .wpcpro-col-xl-3 {flex: 0 0 33.22222222%;max-width: 33.22222222%;}.wpcpro-row .wpcpro-col-xl-4 {flex: 0 0 25%;max-width: 25%;}.wpcpro-row .wpcpro-col-xl-5 {flex: 0 0 20%;max-width: 20%;}.wpcpro-row .wpcpro-col-xl-6 {flex: 0 0 16.66667%;max-width: 16.66667%;}.wpcpro-row .wpcpro-col-xl-7 {flex: 0 0 14.28571428%;max-width: 14.28571428%;}.wpcpro-row .wpcpro-col-xl-8 {flex: 0 0 12.5%;max-width: 12.5%;}}<\/style><div id=\"wpcpro-wrapper-7870\" class=\"wpcp-carousel-wrapper wpcpro-wrapper wpcp-wrapper-7870\" data-slider-type=\"3d-carousel\" data-shaders-type=\"\" ><div id=\"sp-wp-carousel-pro-id-7870\" dir=\"ltr\" class=\"wpcp-standard nav-vertical-center wpcp-carousel-section sp-wpcp-7870 detail-on-bottom wpcp_same_height swiper\" data-swiper='{\"pagination_type\": \"dynamic\",\"vertical\":false,\"orientation\":\"horizontal\",\"slider_orientation\": \"horizontal\",\"accessibility\":true, \"centerMode\":false, \"centerPadding\":{\"lg_desktop\":\"0\", \"desktop\":\"0\", \"laptop\":\"0\", \"tablet\":\"0\", \"mobile\":\"0\"}, \"swipeToSlide\":false, \"adaptiveHeight\":false, \"carousel_accessibility\":true, \"arrows\":true, \"autoplay\":false, \"autoplaySpeed\":3000, \"spaceBetween\":20, \"dots\":true, \"infinite\":false, \"speed\":600, \"pauseOnHover\":true, \"slidesToScroll\":{\"lg_desktop\":1, \"desktop\":1, \"laptop\":1, \"tablet\":1, \"mobile\":1}, \"slidesToShow\":{\"lg_desktop\":4, \"desktop\":4, \"laptop\":3, \"tablet\":2, \"mobile\":1}, \"rows\":{\"lg_desktop\":1, \"desktop\":1, \"laptop\":1, \"tablet\":1, \"mobile\":1}, \"responsive\":{\"desktop\":1200, \"laptop\": 980, \"tablet\": 736, \"mobile\": 480}, \"rtl\":false, \"variableWidth\":false, \"effect\":\"slider\", \"lazyLoad\": \"false\", \"swipe\": true, \"draggable\": true, \"freeMode\":false }' data-arrowtype=\"right_open_outline\" data-carousel_type=\"mix-content\" data-infobar=\"1\" data-thumbs=\"true\" data-protect_image=\"\" data-autoplay=\"\" data-loop=\"1\" data-speed=\"4000\" data-sliding_effect=\"fade\" data-open_close=\"zoom\" data-outside=\"true\" data-keyboard=\"1\" data-l_box_img_sharpe=\"\" data-variablewidth=\"false\"><div class=\"swiper-wrapper\"><div class=\"swiper-slide\"><div class=\"wpcp-single-item wpcp-mix-content\"><a class=\"wcp-light-box\" href=\"https:\/\/soumicosmetics.com\/wp-content\/uploads\/2025\/01\/449158833_363480290102206_5786630752521539233_n.jpg\" data-fancybox=\"wpcp_view\" data-buttons='[\"zoom\",\"fullScreen\",\"slideShow\",\"share\",\"download\",\"thumbs\",\"close\"]' data-lightbox-gallery=\"group-7870\" data-item-slug=\"449158833_363480290102206_5786630752521539233_n.jpg\" data-caption=\"\"><div class=\"wpcp_icon_overlay l_box-icon-position-middle\"><i class=\"fa fa-search\"><\/i><\/div><img fetchpriority=\"high\" decoding=\"async\" src=\"https:\/\/soumicosmetics.com\/wp-content\/uploads\/2025\/01\/449158833_363480290102206_5786630752521539233_n.jpg\" alt=\"449158833_363480290102206_5786630752521539233_n\" width=\"768\" height=\"960\" class=\"skip-lazy\"><\/a><div class=\"wpcp-single-content\"><h3>\u00c9TAPE 01 : Masque D\u00e9toxifiant<\/h3><ul><li style=\"text-align: left;\">Purifie la peau en profondeur pour \u00e9liminer les impuret\u00e9s.<\/li><li style=\"text-align: left;\">D\u00e9toxifie et pr\u00e9pare la peau \u00e0 recevoir les soins suivants.<\/li><li style=\"text-align: left;\">R\u00e9duit visiblement l\u2019apparence des pores.<\/li><\/ul><\/div><\/div><\/div><div class=\"swiper-slide\"><div class=\"wpcp-single-item wpcp-mix-content\"><a class=\"wcp-light-box\" href=\"https:\/\/soumicosmetics.com\/wp-content\/uploads\/2024\/12\/IMG_2852-1-scaled.jpg\" data-fancybox=\"wpcp_view\" data-buttons='[\"zoom\",\"fullScreen\",\"slideShow\",\"share\",\"download\",\"thumbs\",\"close\"]' data-lightbox-gallery=\"group-7870\" data-item-slug=\"IMG_2852-1-scaled.jpg\" data-caption=\"\"><div class=\"wpcp_icon_overlay l_box-icon-position-middle\"><i class=\"fa fa-search\"><\/i><\/div><img decoding=\"async\" src=\"https:\/\/soumicosmetics.com\/wp-content\/uploads\/2024\/12\/IMG_2852-1-scaled.jpg\" alt=\"IMG_2852\" width=\"2560\" height=\"1707\" class=\"skip-lazy\"><\/a><div class=\"wpcp-single-content\"><h3>\u00c9TAPE 02 : Eau De Rose<\/h3><ul><li style=\"text-align: left;\" aria-level=\"2\">Tonifie et rafra\u00eechit la peau.<\/li><li style=\"text-align: left;\" aria-level=\"2\">Apporte une hydratation l\u00e9g\u00e8re et \u00e9quilibre le pH.<\/li><li style=\"text-align: left;\" aria-level=\"2\">Pr\u00e9pare la peau pour une meilleure absorption des soins suivants.<\/li><\/ul><\/div><\/div><\/div><div class=\"swiper-slide\"><div class=\"wpcp-single-item wpcp-mix-content\"><a class=\"wcp-light-box\" href=\"https:\/\/soumicosmetics.com\/wp-content\/uploads\/2024\/12\/Dropper-Bottle-Mockup_v3-scaled.jpg\" data-fancybox=\"wpcp_view\" data-buttons='[\"zoom\",\"fullScreen\",\"slideShow\",\"share\",\"download\",\"thumbs\",\"close\"]' data-lightbox-gallery=\"group-7870\" data-item-slug=\"Dropper-Bottle-Mockup_v3-scaled.jpg\" data-caption=\"\"><div class=\"wpcp_icon_overlay l_box-icon-position-middle\"><i class=\"fa fa-search\"><\/i><\/div><img decoding=\"async\" src=\"https:\/\/soumicosmetics.com\/wp-content\/uploads\/2024\/12\/Dropper-Bottle-Mockup_v3-scaled.jpg\" alt=\"Dropper Bottle Mockup_(v3\" width=\"2560\" height=\"2560\" class=\"skip-lazy\"><\/a><div class=\"wpcp-single-content\"><h3>\u00c9TAPE 03 : S\u00e9rum \u00c9clat<\/h3><ul><li style=\"text-align: left;\" aria-level=\"2\">Illumine le teint et uniformise la peau.<\/li><li style=\"text-align: left;\" aria-level=\"2\">Estompe les taches et les imperfections pour une peau \u00e9clatante.<\/li><li style=\"text-align: left;\" aria-level=\"2\">Offre une hydratation profonde pour une peau plus souple.<\/li><li style=\"text-align: left;\" aria-level=\"2\">Resserre les pores et r\u00e9duit leur apparence\u00a0.<\/li><\/ul><\/div><\/div><\/div><div class=\"swiper-slide\"><div class=\"wpcp-single-item wpcp-mix-content\"><a class=\"wcp-light-box\" href=\"https:\/\/soumicosmetics.com\/wp-content\/uploads\/2024\/12\/inti-imperfection-scaled.jpg\" data-fancybox=\"wpcp_view\" data-buttons='[\"zoom\",\"fullScreen\",\"slideShow\",\"share\",\"download\",\"thumbs\",\"close\"]' data-lightbox-gallery=\"group-7870\" data-item-slug=\"inti-imperfection-scaled.jpg\" data-caption=\"\"><div class=\"wpcp_icon_overlay l_box-icon-position-middle\"><i class=\"fa fa-search\"><\/i><\/div><img loading=\"lazy\" decoding=\"async\" src=\"https:\/\/soumicosmetics.com\/wp-content\/uploads\/2024\/12\/inti-imperfection-scaled.jpg\" alt=\"Se\u0301rum anti imperfections\" width=\"2560\" height=\"2560\" class=\"skip-lazy\"><\/a><div class=\"wpcp-single-content\"><h3>\u00c9TAPE 04 : S\u00e9rum Anti Imperfection<\/h3><ul><li style=\"text-align: left;\" aria-level=\"2\">Lutte contre les imperfections et r\u00e9duit l\u2019apparence des boutons.<\/li><li style=\"text-align: left;\" aria-level=\"2\">Purifie et pr\u00e9vient l\u2019apparition de nouvelles imperfections.<\/li><li style=\"text-align: left;\" aria-level=\"2\">R\u00e9duit les cicatrices des boutons et les rougeurs<\/li><\/ul><\/div><\/div><\/div><\/div><div class=\"wpcp-swiper-dots swiper-pagination\"><\/div><div class=\"wpcp-prev-button swiper-button-prev wpcp-nav\"><i><\/i><\/div><div class=\"wpcp-next-button swiper-button-next wpcp-nav\"><i><\/i><\/div><\/div><\/div><\/div>\n\t\t\t\t\t\t<\/div>\n\t\t\t\t<\/div>\n\t\t\t\t\t<\/div>\n\t\t\t\t<\/div>\n\t\t\t\t<\/div>","protected":false},"excerpt":{"rendered":"<p><b style=\"color: black;\">80 % des utilisateurs ont constat\u00e9 une diminution visible de leurs imperfections au bout de 10 jours, avec des boutons att\u00e9nu\u00e9s et des pores resserr\u00e9s a d&#8217;utilisation r\u00e9guli\u00e8re de cette routine.<\/b><\/p>\n<ul>\n<li style=\"text-align: left;\"><span style=\"font-weight: 400;\">Purifie la peau en profondeur pour \u00e9liminer les impuret\u00e9s.<\/span><\/li>\n<li><span style=\"font-weight: 400;\">D\u00e9toxifie et pr\u00e9pare la peau \u00e0 recevoir les soins suivants.<\/span><\/li>\n<li><span style=\"font-weight: 400;\">R\u00e9duit visiblement l&#8217;apparence des pores.<\/span><\/li>\n<\/ul>","protected":false},"featured_media":6691,"comment_status":"open","ping_status":"closed","template":"","meta":{"_monsterinsights_skip_tracking":false,"_monsterinsights_sitenote_active":false,"_monsterinsights_sitenote_note":"","_monsterinsights_sitenote_category":0},"product_brand":[],"product_cat":[147,132],"product_tag":[102,97,101,99,98,100,103],"class_list":{"0":"post-6115","1":"product","2":"type-product","3":"status-publish","4":"has-post-thumbnail","6":"product_cat-peaux-a-tendance-acneique","7":"product_cat-par-probleme-de-peaux","8":"product_tag-hydratant-anti-rides-bio","9":"product_tag-serum-anti-age-bio","10":"product_tag-serum-bio-pour-peau-mature","11":"product_tag-serum-liftant-naturel","12":"product_tag-soins-naturels-pour-reduire-les-rides","13":"product_tag-soins-visage-anti-age-bio","14":"product_tag-solution-naturelle-contre-le-vieillissement-de-la-peau","17":"instock","18":"featured","19":"shipping-taxable","20":"purchasable","21":"product-type-simple"},"_links":{"self":[{"href":"https:\/\/soumicosmetics.com\/ar\/wp-json\/wp\/v2\/product\/6115","targetHints":{"allow":["GET"]}}],"collection":[{"href":"https:\/\/soumicosmetics.com\/ar\/wp-json\/wp\/v2\/product"}],"about":[{"href":"https:\/\/soumicosmetics.com\/ar\/wp-json\/wp\/v2\/types\/product"}],"replies":[{"embeddable":true,"href":"https:\/\/soumicosmetics.com\/ar\/wp-json\/wp\/v2\/comments?post=6115"}],"version-history":[{"count":17,"href":"https:\/\/soumicosmetics.com\/ar\/wp-json\/wp\/v2\/product\/6115\/revisions"}],"predecessor-version":[{"id":7876,"href":"https:\/\/soumicosmetics.com\/ar\/wp-json\/wp\/v2\/product\/6115\/revisions\/7876"}],"wp:featuredmedia":[{"embeddable":true,"href":"https:\/\/soumicosmetics.com\/ar\/wp-json\/wp\/v2\/media\/6691"}],"wp:attachment":[{"href":"https:\/\/soumicosmetics.com\/ar\/wp-json\/wp\/v2\/media?parent=6115"}],"wp:term":[{"taxonomy":"product_brand","embeddable":true,"href":"https:\/\/soumicosmetics.com\/ar\/wp-json\/wp\/v2\/product_brand?post=6115"},{"taxonomy":"product_cat","embeddable":true,"href":"https:\/\/soumicosmetics.com\/ar\/wp-json\/wp\/v2\/product_cat?post=6115"},{"taxonomy":"product_tag","embeddable":true,"href":"https:\/\/soumicosmetics.com\/ar\/wp-json\/wp\/v2\/product_tag?post=6115"}],"curies":[{"name":"wp","href":"https:\/\/api.w.org\/{rel}","templated":true}]}}