{"id":5938,"date":"2025-01-03T20:51:08","date_gmt":"2025-01-03T20:51:08","guid":{"rendered":"https:\/\/soumicosmetics.com\/?post_type=product&#038;p=5938"},"modified":"2025-04-28T14:12:14","modified_gmt":"2025-04-28T14:12:14","slug":"masque-detoxifiant-aux-pepins-de-figue-de-barbarie","status":"publish","type":"product","link":"https:\/\/soumicosmetics.com\/ar\/product\/masque-detoxifiant-aux-pepins-de-figue-de-barbarie\/","title":{"rendered":"Masque D\u00e9toxifiant aux P\u00e9pins de Figue de Barbarie"},"content":{"rendered":"<p><strong>Bienfaits :<\/strong><\/p>\n<ul style=\"color: black;\">\n<li><strong>D\u00e9toxification et purification<\/strong> : \u00c9limine les impuret\u00e9s et les toxines accumul\u00e9es, offrant \u00e0 votre peau un \u00e9clat naturel et une sensation de fra\u00eecheur.<\/li>\n<li><strong>Affinement du grain de peau<\/strong> : Gr\u00e2ce \u00e0 ses propri\u00e9t\u00e9s exfoliantes douces, il lisse la surface de la peau et affine le grain de peau pour un teint plus uniforme.<\/li>\n<li><strong>Resserrement des pores<\/strong> : Agit sur les pores dilat\u00e9s en les resserrant, pour une peau visiblement plus lisse et tonifi\u00e9e.<\/li>\n<li><strong>\u00c9clat et luminosit\u00e9<\/strong> : La poudre de p\u00e9pins de figue de barbarie illumine le teint et redonne \u00e0 la peau son \u00e9clat naturel, tout en l&#8217;hydratant en profondeur.<\/li>\n<li><strong>Action antioxydante<\/strong> : La richesse en antioxydants prot\u00e8ge la peau contre les radicaux libres, r\u00e9duisant les signes du vieillissement et favorisant une peau plus saine.<\/li>\n<\/ul>\n<p><strong>Conseils d\u2019utilisation :<\/strong> M\u00e9langez une petite quantit\u00e9 de poudre avec de l&#8217;eau ou de l&#8217;eau florale jusqu&#8217;\u00e0 obtenir une p\u00e2te lisse. Appliquez uniform\u00e9ment sur le visage en \u00e9vitant le contour des yeux. Laissez poser 5 minutes, puis rincez \u00e0 l&#8217;eau ti\u00e8de. <strong>Ne laissez pas le masque s\u00e9cher compl\u00e8tement sur votre peau pour \u00e9viter toute sensation de tiraillement<\/strong> Pour des r\u00e9sultats optimaux, utilisez une \u00e0 deux fois par semaine.<\/p>\n<p><strong>Convient \u00e0 tous les types de peau<\/strong>, ce masque en poudre est un soin naturel, sans parabens, sans sulfates. Il offre un v\u00e9ritable moment de bien-\u00eatre, tout en respectant l&#8217;\u00e9quilibre naturel de votre peau.<\/p>\n<p>R\u00e9v\u00e9lez une peau plus lisse, \u00e9clatante et purifi\u00e9e avec notre masque d\u00e9toxifiant aux p\u00e9pins de figue de barbarie, et laissez votre visage rayonner de beaut\u00e9 et de fra\u00eecheur !<\/p>\n<p><strong> Questions Fr\u00e9quentes <\/strong><br \/>\n<style>#sp-ea-6108 .spcollapsing { height: 0; overflow: hidden; transition-property: height;transition-duration: 300ms;}#sp-ea-6108.sp-easy-accordion>.sp-ea-single {margin-bottom: 10px; border: 1px solid #e2e2e2; }#sp-ea-6108.sp-easy-accordion>.sp-ea-single>.ea-header a {color: #631d3c;}#sp-ea-6108.sp-easy-accordion>.sp-ea-single>.sp-collapse>.ea-body {background: #fff; color: #444;}#sp-ea-6108.sp-easy-accordion>.sp-ea-single {background: #f3c5ba;}#sp-ea-6108.sp-easy-accordion>.sp-ea-single>.ea-header a .ea-expand-icon { float: left; color: #444;font-size: 16px;}<\/style><div id=\"sp_easy_accordion-1736698715\">\n<div id=\"sp-ea-6108\" class=\"sp-ea-one sp-easy-accordion\" data-ea-active=\"ea-click\" data-ea-mode=\"vertical\" data-preloader=\"\" data-scroll-active-item=\"\" data-offset-to-scroll=\"0\">\n\n<!-- Start accordion card div. -->\n<div class=\"ea-card ea-expand sp-ea-single\">\n\t<!-- Start accordion header. -->\n\t<h6 class=\"ea-header\">\n\t\t<!-- Add anchor tag for header. -->\n\t\t<a class=\"collapsed\" id=\"ea-header-61080\" role=\"button\" data-sptoggle=\"spcollapse\" data-sptarget=\"#collapse61080\" aria-controls=\"collapse61080\" href=\"#\"  aria-expanded=\"true\" tabindex=\"0\">\n\t\t<i aria-hidden=\"true\" role=\"presentation\" class=\"ea-expand-icon eap-icon-ea-expand-minus\"><\/i> 1. Comment utiliser le masque d\u00e9toxifiant aux p\u00e9pins de figue de barbarie ?\t\t<\/a> <!-- Close anchor tag for header. -->\n\t<\/h6>\t<!-- Close header tag. -->\n\t<!-- Start collapsible content div. -->\n\t<div class=\"sp-collapse spcollapse collapsed show\" id=\"collapse61080\" data-parent=\"#sp-ea-6108\" role=\"region\" aria-labelledby=\"ea-header-61080\">  <!-- Content div. -->\n\t\t<div class=\"ea-body\">\n\t\t<p>Pour utiliser le masque, m\u00e9langez une petite quantit\u00e9 de poudre avec de l'eau ou de l'eau florale jusqu'\u00e0 obtenir une p\u00e2te lisse. Appliquez-la uniform\u00e9ment sur le visage en \u00e9vitant le contour des yeux. Laissez poser 10 \u00e0 15 minutes, puis rincez \u00e0 l'eau ti\u00e8de. <strong>Ne laissez pas le masque s\u00e9cher compl\u00e8tement sur votre peau<\/strong> pour \u00e9viter toute sensation de tiraillement.<\/p>\n\t\t<\/div> <!-- Close content div. -->\n\t<\/div> <!-- Close collapse div. -->\n<\/div> <!-- Close card div. -->\n<!-- Start accordion card div. -->\n<div class=\"ea-card  sp-ea-single\">\n\t<!-- Start accordion header. -->\n\t<h6 class=\"ea-header\">\n\t\t<!-- Add anchor tag for header. -->\n\t\t<a class=\"collapsed\" id=\"ea-header-61081\" role=\"button\" data-sptoggle=\"spcollapse\" data-sptarget=\"#collapse61081\" aria-controls=\"collapse61081\" href=\"#\"  aria-expanded=\"false\" tabindex=\"0\">\n\t\t<i aria-hidden=\"true\" role=\"presentation\" class=\"ea-expand-icon eap-icon-ea-expand-plus\"><\/i> 2. \u00c0 quelle fr\u00e9quence puis-je utiliser ce masque ?\t\t<\/a> <!-- Close anchor tag for header. -->\n\t<\/h6>\t<!-- Close header tag. -->\n\t<!-- Start collapsible content div. -->\n\t<div class=\"sp-collapse spcollapse\" id=\"collapse61081\" data-parent=\"#sp-ea-6108\" role=\"region\" aria-labelledby=\"ea-header-61081\">  <!-- Content div. -->\n\t\t<div class=\"ea-body\">\n\t\t<p>Nous recommandons d'utiliser ce masque une \u00e0 deux fois par semaine pour de meilleurs r\u00e9sultats. Il convient parfaitement aux routines de soin r\u00e9guli\u00e8res pour une peau \u00e9clatante et purifi\u00e9e.<\/p>\n\t\t<\/div> <!-- Close content div. -->\n\t<\/div> <!-- Close collapse div. -->\n<\/div> <!-- Close card div. -->\n<!-- Start accordion card div. -->\n<div class=\"ea-card  sp-ea-single\">\n\t<!-- Start accordion header. -->\n\t<h6 class=\"ea-header\">\n\t\t<!-- Add anchor tag for header. -->\n\t\t<a class=\"collapsed\" id=\"ea-header-61082\" role=\"button\" data-sptoggle=\"spcollapse\" data-sptarget=\"#collapse61082\" aria-controls=\"collapse61082\" href=\"#\"  aria-expanded=\"false\" tabindex=\"0\">\n\t\t<i aria-hidden=\"true\" role=\"presentation\" class=\"ea-expand-icon eap-icon-ea-expand-plus\"><\/i> 3. Le masque est-il adapt\u00e9 \u00e0 tous les types de peau ?\t\t<\/a> <!-- Close anchor tag for header. -->\n\t<\/h6>\t<!-- Close header tag. -->\n\t<!-- Start collapsible content div. -->\n\t<div class=\"sp-collapse spcollapse\" id=\"collapse61082\" data-parent=\"#sp-ea-6108\" role=\"region\" aria-labelledby=\"ea-header-61082\">  <!-- Content div. -->\n\t\t<div class=\"ea-body\">\n\t\t<p>Oui, ce masque est con\u00e7u pour convenir \u00e0 tous les types de peau, m\u00eame les peaux sensibles. Il est formul\u00e9 avec des ingr\u00e9dients naturels, sans parabens ni sulfates, pour respecter l'\u00e9quilibre de votre peau.<\/p>\n\t\t<\/div> <!-- Close content div. -->\n\t<\/div> <!-- Close collapse div. -->\n<\/div> <!-- Close card div. -->\n<!-- Start accordion card div. -->\n<div class=\"ea-card  sp-ea-single\">\n\t<!-- Start accordion header. -->\n\t<h6 class=\"ea-header\">\n\t\t<!-- Add anchor tag for header. -->\n\t\t<a class=\"collapsed\" id=\"ea-header-61083\" role=\"button\" data-sptoggle=\"spcollapse\" data-sptarget=\"#collapse61083\" aria-controls=\"collapse61083\" href=\"#\"  aria-expanded=\"false\" tabindex=\"0\">\n\t\t<i aria-hidden=\"true\" role=\"presentation\" class=\"ea-expand-icon eap-icon-ea-expand-plus\"><\/i> 4. Puis-je utiliser ce masque si j'ai la peau s\u00e8che ou sensible ?\t\t<\/a> <!-- Close anchor tag for header. -->\n\t<\/h6>\t<!-- Close header tag. -->\n\t<!-- Start collapsible content div. -->\n\t<div class=\"sp-collapse spcollapse\" id=\"collapse61083\" data-parent=\"#sp-ea-6108\" role=\"region\" aria-labelledby=\"ea-header-61083\">  <!-- Content div. -->\n\t\t<div class=\"ea-body\">\n\t\t<p>Oui, le masque convient aux peaux s\u00e8ches ou sensibles, il nettoie detoxifie sans l\u2019irriter. Si vous avez une peau particuli\u00e8rement sensible, faites un test pr\u00e9alable sur une petite zone de votre visage pour v\u00e9rifier toute r\u00e9action.<\/p>\n\t\t<\/div> <!-- Close content div. -->\n\t<\/div> <!-- Close collapse div. -->\n<\/div> <!-- Close card div. -->\n<!-- Start accordion card div. -->\n<div class=\"ea-card  sp-ea-single\">\n\t<!-- Start accordion header. -->\n\t<h6 class=\"ea-header\">\n\t\t<!-- Add anchor tag for header. -->\n\t\t<a class=\"collapsed\" id=\"ea-header-61084\" role=\"button\" data-sptoggle=\"spcollapse\" data-sptarget=\"#collapse61084\" aria-controls=\"collapse61084\" href=\"#\"  aria-expanded=\"false\" tabindex=\"0\">\n\t\t<i aria-hidden=\"true\" role=\"presentation\" class=\"ea-expand-icon eap-icon-ea-expand-plus\"><\/i> 5. Quels sont les principaux bienfaits du masque ?\t\t<\/a> <!-- Close anchor tag for header. -->\n\t<\/h6>\t<!-- Close header tag. -->\n\t<!-- Start collapsible content div. -->\n\t<div class=\"sp-collapse spcollapse\" id=\"collapse61084\" data-parent=\"#sp-ea-6108\" role=\"region\" aria-labelledby=\"ea-header-61084\">  <!-- Content div. -->\n\t\t<div class=\"ea-body\">\n\t\t<p>Ce masque d\u00e9toxifiant aide \u00e0 purifier la peau, resserrer les pores, affiner le grain de peau, et illuminer le teint. Il hydrate \u00e9galement la peau en profondeur et prot\u00e8ge contre les radicaux libres gr\u00e2ce \u00e0 ses propri\u00e9t\u00e9s antioxydantes.<\/p>\n\t\t<\/div> <!-- Close content div. -->\n\t<\/div> <!-- Close collapse div. -->\n<\/div> <!-- Close card div. -->\n<!-- Start accordion card div. -->\n<div class=\"ea-card  sp-ea-single\">\n\t<!-- Start accordion header. -->\n\t<h6 class=\"ea-header\">\n\t\t<!-- Add anchor tag for header. -->\n\t\t<a class=\"collapsed\" id=\"ea-header-61085\" role=\"button\" data-sptoggle=\"spcollapse\" data-sptarget=\"#collapse61085\" aria-controls=\"collapse61085\" href=\"#\"  aria-expanded=\"false\" tabindex=\"0\">\n\t\t<i aria-hidden=\"true\" role=\"presentation\" class=\"ea-expand-icon eap-icon-ea-expand-plus\"><\/i> 6. Le masque peut-il \u00eatre utilis\u00e9 en compl\u00e9ment d\u2019autres soins de la peau ?\t\t<\/a> <!-- Close anchor tag for header. -->\n\t<\/h6>\t<!-- Close header tag. -->\n\t<!-- Start collapsible content div. -->\n\t<div class=\"sp-collapse spcollapse\" id=\"collapse61085\" data-parent=\"#sp-ea-6108\" role=\"region\" aria-labelledby=\"ea-header-61085\">  <!-- Content div. -->\n\t\t<div class=\"ea-body\">\n\t\t<p>Oui, ce masque peut \u00eatre int\u00e9gr\u00e9 \u00e0 votre routine de soin existante. Il est parfait apr\u00e8s un nettoyage en profondeur pour offrir une hydratation et un \u00e9clat suppl\u00e9mentaires, et peut \u00eatre suivi d'un s\u00e9rum ou d'une cr\u00e8me hydratante.<\/p>\n\t\t<\/div> <!-- Close content div. -->\n\t<\/div> <!-- Close collapse div. -->\n<\/div> <!-- Close card div. -->\n<!-- Start accordion card div. -->\n<div class=\"ea-card  sp-ea-single\">\n\t<!-- Start accordion header. -->\n\t<h6 class=\"ea-header\">\n\t\t<!-- Add anchor tag for header. -->\n\t\t<a class=\"collapsed\" id=\"ea-header-61086\" role=\"button\" data-sptoggle=\"spcollapse\" data-sptarget=\"#collapse61086\" aria-controls=\"collapse61086\" href=\"#\"  aria-expanded=\"false\" tabindex=\"0\">\n\t\t<i aria-hidden=\"true\" role=\"presentation\" class=\"ea-expand-icon eap-icon-ea-expand-plus\"><\/i> 7. Le masque contient-il des ingr\u00e9dients artificiels ou agressifs ?\t\t<\/a> <!-- Close anchor tag for header. -->\n\t<\/h6>\t<!-- Close header tag. -->\n\t<!-- Start collapsible content div. -->\n\t<div class=\"sp-collapse spcollapse\" id=\"collapse61086\" data-parent=\"#sp-ea-6108\" role=\"region\" aria-labelledby=\"ea-header-61086\">  <!-- Content div. -->\n\t\t<div class=\"ea-body\">\n\t\t<p>Non, notre masque est formul\u00e9 sans parabens, sulfates, ou autres ingr\u00e9dients agressifs. Il est 100% naturel, con\u00e7u pour offrir un soin doux mais efficace \u00e0 votre peau.<\/p>\n\t\t<\/div> <!-- Close content div. -->\n\t<\/div> <!-- Close collapse div. -->\n<\/div> <!-- Close card div. -->\n<!-- Start accordion card div. -->\n<div class=\"ea-card  sp-ea-single\">\n\t<!-- Start accordion header. -->\n\t<h6 class=\"ea-header\">\n\t\t<!-- Add anchor tag for header. -->\n\t\t<a class=\"collapsed\" id=\"ea-header-61087\" role=\"button\" data-sptoggle=\"spcollapse\" data-sptarget=\"#collapse61087\" aria-controls=\"collapse61087\" href=\"#\"  aria-expanded=\"false\" tabindex=\"0\">\n\t\t<i aria-hidden=\"true\" role=\"presentation\" class=\"ea-expand-icon eap-icon-ea-expand-plus\"><\/i> 8. Combien de temps faut-il pour voir des r\u00e9sultats ?\t\t<\/a> <!-- Close anchor tag for header. -->\n\t<\/h6>\t<!-- Close header tag. -->\n\t<!-- Start collapsible content div. -->\n\t<div class=\"sp-collapse spcollapse\" id=\"collapse61087\" data-parent=\"#sp-ea-6108\" role=\"region\" aria-labelledby=\"ea-header-61087\">  <!-- Content div. -->\n\t\t<div class=\"ea-body\">\n\t\t<p>Les effets peuvent varier en fonction des besoins de votre peau, mais vous devriez constater un teint plus lumineux et une peau plus douce apr\u00e8s quelques applications r\u00e9guli\u00e8res.<\/p>\n\t\t<\/div> <!-- Close content div. -->\n\t<\/div> <!-- Close collapse div. -->\n<\/div> <!-- Close card div. -->\n<!-- Start accordion card div. -->\n<div class=\"ea-card  sp-ea-single\">\n\t<!-- Start accordion header. -->\n\t<h6 class=\"ea-header\">\n\t\t<!-- Add anchor tag for header. -->\n\t\t<a class=\"collapsed\" id=\"ea-header-61088\" role=\"button\" data-sptoggle=\"spcollapse\" data-sptarget=\"#collapse61088\" aria-controls=\"collapse61088\" href=\"#\"  aria-expanded=\"false\" tabindex=\"0\">\n\t\t<i aria-hidden=\"true\" role=\"presentation\" class=\"ea-expand-icon eap-icon-ea-expand-plus\"><\/i> 9. Puis-je utiliser ce masque pour d'autres parties du corps, comme le cou ou le d\u00e9collet\u00e9 ?\t\t<\/a> <!-- Close anchor tag for header. -->\n\t<\/h6>\t<!-- Close header tag. -->\n\t<!-- Start collapsible content div. -->\n\t<div class=\"sp-collapse spcollapse\" id=\"collapse61088\" data-parent=\"#sp-ea-6108\" role=\"region\" aria-labelledby=\"ea-header-61088\">  <!-- Content div. -->\n\t\t<div class=\"ea-body\">\n\t\t<p>Oui, ce masque peut \u00eatre appliqu\u00e9 sur le cou et le d\u00e9collet\u00e9, ces zones b\u00e9n\u00e9ficiant \u00e9galement des effets purifiants de ce soin.<\/p>\n\t\t<\/div> <!-- Close content div. -->\n\t<\/div> <!-- Close collapse div. -->\n<\/div> <!-- Close card div. -->\n<\/div>\n<\/div>\n<\/p>","protected":false},"excerpt":{"rendered":"<p><strong>Masque D\u00e9toxifiant aux P\u00e9pins de Figue de Barbarie<\/strong><\/p>\n<p>Offrez \u00e0 votre peau un v\u00e9ritable soin purifiant avec notre masque d\u00e9toxifiant en poudre aux p\u00e9pins de figue de barbarie. Formul\u00e9 \u00e0 partir de la poudre pr\u00e9cieuse de cette plante aux vertus exceptionnelles, ce masque est id\u00e9al pour purifier, affiner le grain de peau, resserrer les pores et r\u00e9v\u00e9ler un teint \u00e9clatant de sant\u00e9.<\/p>","protected":false},"featured_media":5939,"comment_status":"open","ping_status":"closed","template":"","meta":{"_monsterinsights_skip_tracking":false,"_monsterinsights_sitenote_active":false,"_monsterinsights_sitenote_note":"","_monsterinsights_sitenote_category":0},"product_brand":[],"product_cat":[74],"product_tag":[141],"class_list":{"0":"post-5938","1":"product","2":"type-product","3":"status-publish","4":"has-post-thumbnail","6":"product_cat-visage","7":"product_tag-deodorant-naturel","10":"instock","11":"featured","12":"shipping-taxable","13":"purchasable","14":"product-type-simple"},"_links":{"self":[{"href":"https:\/\/soumicosmetics.com\/ar\/wp-json\/wp\/v2\/product\/5938","targetHints":{"allow":["GET"]}}],"collection":[{"href":"https:\/\/soumicosmetics.com\/ar\/wp-json\/wp\/v2\/product"}],"about":[{"href":"https:\/\/soumicosmetics.com\/ar\/wp-json\/wp\/v2\/types\/product"}],"replies":[{"embeddable":true,"href":"https:\/\/soumicosmetics.com\/ar\/wp-json\/wp\/v2\/comments?post=5938"}],"version-history":[{"count":2,"href":"https:\/\/soumicosmetics.com\/ar\/wp-json\/wp\/v2\/product\/5938\/revisions"}],"predecessor-version":[{"id":7834,"href":"https:\/\/soumicosmetics.com\/ar\/wp-json\/wp\/v2\/product\/5938\/revisions\/7834"}],"wp:featuredmedia":[{"embeddable":true,"href":"https:\/\/soumicosmetics.com\/ar\/wp-json\/wp\/v2\/media\/5939"}],"wp:attachment":[{"href":"https:\/\/soumicosmetics.com\/ar\/wp-json\/wp\/v2\/media?parent=5938"}],"wp:term":[{"taxonomy":"product_brand","embeddable":true,"href":"https:\/\/soumicosmetics.com\/ar\/wp-json\/wp\/v2\/product_brand?post=5938"},{"taxonomy":"product_cat","embeddable":true,"href":"https:\/\/soumicosmetics.com\/ar\/wp-json\/wp\/v2\/product_cat?post=5938"},{"taxonomy":"product_tag","embeddable":true,"href":"https:\/\/soumicosmetics.com\/ar\/wp-json\/wp\/v2\/product_tag?post=5938"}],"curies":[{"name":"wp","href":"https:\/\/api.w.org\/{rel}","templated":true}]}}