{"id":5930,"date":"2025-01-03T20:20:01","date_gmt":"2025-01-03T20:20:01","guid":{"rendered":"https:\/\/soumicosmetics.com\/?post_type=product&#038;p=5930"},"modified":"2025-01-03T20:24:00","modified_gmt":"2025-01-03T20:24:00","slug":"fortifiant-ongles","status":"publish","type":"product","link":"https:\/\/soumicosmetics.com\/ar\/product\/fortifiant-ongles\/","title":{"rendered":"Fortifiant Ongles"},"content":{"rendered":"<p><strong>Caract\u00e9ristiques principales :<\/strong><\/p>\n<ul style=\"color:black\">\n<li><strong>Renforce les ongles fragiles :<\/strong> Enrichi en huiles v\u00e9g\u00e9tales et en vitamines, ce fortifiant p\u00e9n\u00e8tre rapidement pour fortifier les ongles, les rendant moins susceptibles de se casser ou de se d\u00e9doubler.<\/li>\n<li><strong>R\u00e9pare et nourrit :<\/strong> Gr\u00e2ce \u00e0 ses propri\u00e9t\u00e9s r\u00e9paratrices, il nourrit profond\u00e9ment les ongles et les cuticules, favorisant ainsi leur r\u00e9g\u00e9n\u00e9ration.<\/li>\n<li><strong>Favorise la croissance :<\/strong> Sa formule aide \u00e0 stimuler la croissance des ongles, pour des ongles plus longs et plus forts au fil des applications.<\/li>\n<li><strong>Protection longue dur\u00e9e :<\/strong> Cr\u00e9e une barri\u00e8re protectrice autour de l&#8217;ongle, en pr\u00e9venant les agressions ext\u00e9rieures qui peuvent nuire \u00e0 leur sant\u00e9 (froid, produits chimiques, etc.).<\/li>\n<li><strong>Formule 100% naturelle :<\/strong> Sans produits chimiques agressifs, il est id\u00e9al pour ceux qui cherchent une solution saine et naturelle pour prendre soin de leurs ongles.<\/li>\n<\/ul>\n<p><strong>Pourquoi l\u2019adopter ?<\/strong><br \/>\nCe fortifiant est indispensable pour ceux qui souhaitent retrouver des ongles sains, r\u00e9sistants et bien entretenus. Que vous ayez des ongles cassants, d\u00e9doubl\u00e9s ou mous, ce soin vous aide \u00e0 restaurer leur beaut\u00e9 et leur force au quotidien.<\/p>\n<p><strong>Mode d\u2019emploi :<\/strong><br \/>\nAppliquez une fine couche de fortifiant sur vos ongles propres et secs, directement sur la surface de l&#8217;ongle et les cuticules. Laissez s\u00e9cher et appliquez-le \u00e0 n&#8217;importe quel moment de la journ\u00e9e. Il est conseill\u00e9 de ne pas entrer en contact avec l&#8217;eau imm\u00e9diatement apr\u00e8s l&#8217;application afin de garantir une meilleure absorption et efficacit\u00e9 du produit. Pour de meilleurs r\u00e9sultats, appliquez-le quotidiennement, et si possible le soir avant de dormir pour une action renforc\u00e9e pendant la nuit.<\/p>","protected":false},"excerpt":{"rendered":"<p><strong>Fortifiant Ongles \u2013 Renforcez, R\u00e9parez et Prot\u00e9gez vos Ongles<\/strong><\/p>\n<p>Offrez \u00e0 vos ongles le soin qu&#8217;ils m\u00e9ritent avec notre fortifiant ongles, sp\u00e9cialement formul\u00e9 pour renforcer, r\u00e9parer et prot\u00e9ger vos ongles fragiles et cassants. Gr\u00e2ce \u00e0 une combinaison d&#8217;ingr\u00e9dients naturels soigneusement s\u00e9lectionn\u00e9s, ce soin aide \u00e0 am\u00e9liorer la sant\u00e9 de vos ongles, \u00e0 stimuler leur croissance et \u00e0 pr\u00e9venir leur d\u00e9doublement. Un alli\u00e9 incontournable pour des ongles forts, lisses et en pleine forme.<\/p>","protected":false},"featured_media":5931,"comment_status":"open","ping_status":"closed","template":"","meta":{"_monsterinsights_skip_tracking":false,"_monsterinsights_sitenote_active":false,"_monsterinsights_sitenote_note":"","_monsterinsights_sitenote_category":0},"product_brand":[],"product_cat":[75],"product_tag":[141],"class_list":{"0":"post-5930","1":"product","2":"type-product","3":"status-publish","4":"has-post-thumbnail","6":"product_cat-corps","7":"product_tag-deodorant-naturel","10":"instock","11":"featured","12":"shipping-taxable","13":"purchasable","14":"product-type-simple"},"_links":{"self":[{"href":"https:\/\/soumicosmetics.com\/ar\/wp-json\/wp\/v2\/product\/5930","targetHints":{"allow":["GET"]}}],"collection":[{"href":"https:\/\/soumicosmetics.com\/ar\/wp-json\/wp\/v2\/product"}],"about":[{"href":"https:\/\/soumicosmetics.com\/ar\/wp-json\/wp\/v2\/types\/product"}],"replies":[{"embeddable":true,"href":"https:\/\/soumicosmetics.com\/ar\/wp-json\/wp\/v2\/comments?post=5930"}],"version-history":[{"count":0,"href":"https:\/\/soumicosmetics.com\/ar\/wp-json\/wp\/v2\/product\/5930\/revisions"}],"wp:featuredmedia":[{"embeddable":true,"href":"https:\/\/soumicosmetics.com\/ar\/wp-json\/wp\/v2\/media\/5931"}],"wp:attachment":[{"href":"https:\/\/soumicosmetics.com\/ar\/wp-json\/wp\/v2\/media?parent=5930"}],"wp:term":[{"taxonomy":"product_brand","embeddable":true,"href":"https:\/\/soumicosmetics.com\/ar\/wp-json\/wp\/v2\/product_brand?post=5930"},{"taxonomy":"product_cat","embeddable":true,"href":"https:\/\/soumicosmetics.com\/ar\/wp-json\/wp\/v2\/product_cat?post=5930"},{"taxonomy":"product_tag","embeddable":true,"href":"https:\/\/soumicosmetics.com\/ar\/wp-json\/wp\/v2\/product_tag?post=5930"}],"curies":[{"name":"wp","href":"https:\/\/api.w.org\/{rel}","templated":true}]}}