{"id":5921,"date":"2025-01-03T19:21:41","date_gmt":"2025-01-03T19:21:41","guid":{"rendered":"https:\/\/soumicosmetics.com\/?post_type=product&#038;p=5921"},"modified":"2026-03-02T09:06:55","modified_gmt":"2026-03-02T09:06:55","slug":"baume-a-levres-naturel-fraise-strawberry","status":"publish","type":"product","link":"https:\/\/soumicosmetics.com\/ar\/product\/baume-a-levres-naturel-fraise-strawberry\/","title":{"rendered":"Baume \u00e0 L\u00e8vres Naturel | Fraise Strawberry"},"content":{"rendered":"<p><strong>Caract\u00e9ristiques principales :<\/strong><\/p>\n<ul style=\"color:black\">\n<li><strong>Hydratation intense :<\/strong> Gr\u00e2ce \u00e0 des ingr\u00e9dients naturels comme le beurre de karit\u00e9, l&#8217;huile de coco et la cire d&#8217;abeille, ce baume hydrate vos l\u00e8vres en profondeur et les garde douces et souples.<\/li>\n<li><strong>Protection longue dur\u00e9e :<\/strong> Cr\u00e9e une barri\u00e8re protectrice contre les agressions ext\u00e9rieures comme le froid, le vent et la pollution, pour des l\u00e8vres lisses et prot\u00e9g\u00e9es toute la journ\u00e9e.<\/li>\n<li><strong>Formule 100% naturelle :<\/strong> Sans produits chimiques ni parab\u00e8nes, il est parfait pour ceux qui recherchent un soin pur et respectueux de leur peau.<\/li>\n<li><strong>Apaisant et r\u00e9parateur :<\/strong> Parfait pour les l\u00e8vres s\u00e8ches et gerc\u00e9es, ce baume les r\u00e9pare et les apaise, offrant un confort imm\u00e9diat.<\/li>\n<li><strong>Facile \u00e0 appliquer :<\/strong> Sa texture onctueuse et fondante glisse facilement sur les l\u00e8vres, pour une application rapide et agr\u00e9able.<\/li>\n<li><strong>Sans parfum ajout\u00e9 :<\/strong> Une formule simple et douce, id\u00e9ale m\u00eame pour les peaux les plus sensibles.<\/li>\n<li><strong>Disponible en plusieurs senteurs gourmandes :<\/strong> Pour combler vos envies, notre baume est propos\u00e9 en diff\u00e9rentes senteurs gourmandes pour un plaisir suppl\u00e9mentaire \u00e0 chaque application.<\/li>\n<\/ul>\n<p><strong>Pourquoi l\u2019adopter ?<\/strong><br \/>\nNotre baume \u00e0 l\u00e8vres naturel est parfait pour tous ceux qui veulent offrir \u00e0 leurs l\u00e8vres un soin doux, efficace et respectueux de leur sant\u00e9. Il est id\u00e9al \u00e0 utiliser au quotidien, que ce soit pour une hydratation l\u00e9g\u00e8re ou pour apaiser des l\u00e8vres ab\u00eem\u00e9es.<\/p>\n<p><strong>Mode d\u2019emploi :<\/strong><br \/>\nAppliquez g\u00e9n\u00e9reusement le baume sur vos l\u00e8vres, plusieurs fois par jour, selon vos besoins. Id\u00e9al avant d&#8217;aller dormir pour des l\u00e8vres nourries au r\u00e9veil, ou en journ\u00e9e pour une protection instantan\u00e9e.<\/p>","protected":false},"excerpt":{"rendered":"<p><strong>Baume \u00e0 L\u00e8vres Naturel \u2013 Douceur, Hydratation et Protection<\/strong><\/p>\n<p>Offrez \u00e0 vos l\u00e8vres le soin qu&#8217;elles m\u00e9ritent avec notre baume \u00e0 l\u00e8vres naturel. Formul\u00e9 \u00e0 base d&#8217;ingr\u00e9dients 100% naturels, il nourrit, hydrate et prot\u00e8ge vos l\u00e8vres en profondeur, tout en leur apportant une sensation de confort tout au long de la journ\u00e9e. Id\u00e9al pour lutter contre la s\u00e9cheresse, les ger\u00e7ures et les irritations, notre baume \u00e0 l\u00e8vres est un essentiel pour une routine beaut\u00e9 saine et efficace.<\/p>","protected":false},"featured_media":6100,"comment_status":"open","ping_status":"closed","template":"","meta":{"_monsterinsights_skip_tracking":false,"_monsterinsights_sitenote_active":false,"_monsterinsights_sitenote_note":"","_monsterinsights_sitenote_category":0},"product_brand":[],"product_cat":[74],"product_tag":[141],"class_list":{"0":"post-5921","1":"product","2":"type-product","3":"status-publish","4":"has-post-thumbnail","6":"product_cat-visage","7":"product_tag-deodorant-naturel","10":"instock","11":"featured","12":"shipping-taxable","13":"purchasable","14":"product-type-simple"},"_links":{"self":[{"href":"https:\/\/soumicosmetics.com\/ar\/wp-json\/wp\/v2\/product\/5921","targetHints":{"allow":["GET"]}}],"collection":[{"href":"https:\/\/soumicosmetics.com\/ar\/wp-json\/wp\/v2\/product"}],"about":[{"href":"https:\/\/soumicosmetics.com\/ar\/wp-json\/wp\/v2\/types\/product"}],"replies":[{"embeddable":true,"href":"https:\/\/soumicosmetics.com\/ar\/wp-json\/wp\/v2\/comments?post=5921"}],"version-history":[{"count":0,"href":"https:\/\/soumicosmetics.com\/ar\/wp-json\/wp\/v2\/product\/5921\/revisions"}],"wp:featuredmedia":[{"embeddable":true,"href":"https:\/\/soumicosmetics.com\/ar\/wp-json\/wp\/v2\/media\/6100"}],"wp:attachment":[{"href":"https:\/\/soumicosmetics.com\/ar\/wp-json\/wp\/v2\/media?parent=5921"}],"wp:term":[{"taxonomy":"product_brand","embeddable":true,"href":"https:\/\/soumicosmetics.com\/ar\/wp-json\/wp\/v2\/product_brand?post=5921"},{"taxonomy":"product_cat","embeddable":true,"href":"https:\/\/soumicosmetics.com\/ar\/wp-json\/wp\/v2\/product_cat?post=5921"},{"taxonomy":"product_tag","embeddable":true,"href":"https:\/\/soumicosmetics.com\/ar\/wp-json\/wp\/v2\/product_tag?post=5921"}],"curies":[{"name":"wp","href":"https:\/\/api.w.org\/{rel}","templated":true}]}}