{"id":5915,"date":"2025-01-03T16:14:22","date_gmt":"2025-01-03T16:14:22","guid":{"rendered":"https:\/\/soumicosmetics.com\/?post_type=product&#038;p=5915"},"modified":"2025-01-12T15:50:37","modified_gmt":"2025-01-12T15:50:37","slug":"deodorant-naturel-jasmin","status":"publish","type":"product","link":"https:\/\/soumicosmetics.com\/ar\/product\/deodorant-naturel-jasmin\/","title":{"rendered":"D\u00e9odorant Naturel | Jasmin"},"content":{"rendered":"<p><strong>Caract\u00e9ristiques principales :<\/strong><\/p>\n<ul style=\"color:black\">\n<li><strong>Protection longue dur\u00e9e :<\/strong> Assure une fra\u00eecheur durable tout au long de la journ\u00e9e, sans irritation.<\/li>\n<li><strong>Efficacit\u00e9 sans traces :<\/strong> Ne laisse aucune marque ni trace sur vos v\u00eatements, pour un confort optimal toute la journ\u00e9e.<\/li>\n<li><strong>Propri\u00e9t\u00e9s absorbantes :<\/strong> Sa formule innovante absorbe l&#8217;humidit\u00e9, vous garantissant une sensation de s\u00e9cheresse et de confort, sans effet mouill\u00e9 sur vos v\u00eatements.<\/li>\n<li><strong>\u00c9claircissement des aisselles :<\/strong> Contribue \u00e0 \u00e9claircir la peau des aisselles avec une utilisation r\u00e9guli\u00e8re, pour une peau plus uniforme et lumineuse.<\/li>\n<li><strong>Ne bloque pas la transpiration :<\/strong> Permet \u00e0 votre peau de respirer naturellement tout en r\u00e9gulant les odeurs, sans obstruer les pores.<\/li>\n<li><strong>Formule douce et efficace :<\/strong> Sa texture cr\u00e9meuse glisse facilement sur la peau, laissant un fini sec et agr\u00e9able.<\/li>\n<li><strong>Sans produits chimiques :<\/strong> Exempt de parab\u00e8nes, aluminium et autres substances agressives, il respecte votre peau et l\u2019environnement.<\/li>\n<li><strong>Facile \u00e0 transporter :<\/strong> Compact et pratique, il est parfait pour \u00eatre emport\u00e9 partout, m\u00eame en voyage, vous assurant une protection naturelle o\u00f9 que vous soyez.<\/li>\n<li><strong>Pour femmes et hommes :<\/strong> Disponible dans une large gamme de senteurs pour femmes et hommes, vous trouverez forc\u00e9ment la fragrance qui vous correspond, que vous pr\u00e9f\u00e9riez une note florale, fruit\u00e9e, bois\u00e9e ou \u00e9pic\u00e9e.<\/li>\n<\/ul>\n<p><strong>Pourquoi l\u2019adopter ?<\/strong> Ce d\u00e9odorant naturel est parfait pour ceux qui souhaitent une routine de soin plus saine. Il convient \u00e0 tous les types de peau, m\u00eame les plus sensibles, et offre une sensation de fra\u00eecheur et de confort sans compromis.<\/p>\n<p><strong>Mode d\u2019emploi :<\/strong> Appliquez une petite quantit\u00e9 sous chaque aisselle, sur peau propre et s\u00e8che, en utilisant une spatule en bois pour une application facile et hygi\u00e9nique. Massez bien jusqu\u2019\u00e0 absorption totale du produit pour profiter d\u2019une journ\u00e9e sans mauvaises odeurs, sans traces sur vos v\u00eatements et sans sensation d\u2019humidit\u00e9.<\/p>\n<style>#sp-ea-6070 .spcollapsing { height: 0; overflow: hidden; transition-property: height;transition-duration: 300ms;}#sp-ea-6070.sp-easy-accordion>.sp-ea-single {margin-bottom: 10px; border: 1px solid #e2e2e2; }#sp-ea-6070.sp-easy-accordion>.sp-ea-single>.ea-header a {color: #631d3c;}#sp-ea-6070.sp-easy-accordion>.sp-ea-single>.sp-collapse>.ea-body {background: #fff; color: #444;}#sp-ea-6070.sp-easy-accordion>.sp-ea-single {background: #f3c5ba;}#sp-ea-6070.sp-easy-accordion>.sp-ea-single>.ea-header a .ea-expand-icon { float: left; color: #444;font-size: 16px;}<\/style><div id=\"sp_easy_accordion-1736694334\">\n<div id=\"sp-ea-6070\" class=\"sp-ea-one sp-easy-accordion\" data-ea-active=\"ea-click\" data-ea-mode=\"vertical\" data-preloader=\"\" data-scroll-active-item=\"\" data-offset-to-scroll=\"0\">\n\n<!-- Start accordion card div. -->\n<div class=\"ea-card ea-expand sp-ea-single\">\n\t<!-- Start accordion header. -->\n\t<h6 class=\"ea-header\">\n\t\t<!-- Add anchor tag for header. -->\n\t\t<a class=\"collapsed\" id=\"ea-header-60700\" role=\"button\" data-sptoggle=\"spcollapse\" data-sptarget=\"#collapse60700\" aria-controls=\"collapse60700\" href=\"#\"  aria-expanded=\"true\" tabindex=\"0\">\n\t\t<i aria-hidden=\"true\" role=\"presentation\" class=\"ea-expand-icon eap-icon-ea-expand-minus\"><\/i> 1. Quels sont les avantages du d\u00e9odorant naturel par rapport \u00e0 un d\u00e9odorant classique ?\t\t<\/a> <!-- Close anchor tag for header. -->\n\t<\/h6>\t<!-- Close header tag. -->\n\t<!-- Start collapsible content div. -->\n\t<div class=\"sp-collapse spcollapse collapsed show\" id=\"collapse60700\" data-parent=\"#sp-ea-6070\" role=\"region\" aria-labelledby=\"ea-header-60700\">  <!-- Content div. -->\n\t\t<div class=\"ea-body\">\n\t\t<p>Notre d\u00e9odorant naturel offre une protection efficace contre les mauvaises odeurs sans utiliser de produits chimiques agressifs comme les parab\u00e8nes, les sels d'aluminium ou les parabens. Il hydrate et respecte l'\u00e9quilibre de la peau, tout en permettant \u00e0 celle-ci de respirer naturellement.<\/p>\n\t\t<\/div> <!-- Close content div. -->\n\t<\/div> <!-- Close collapse div. -->\n<\/div> <!-- Close card div. -->\n<!-- Start accordion card div. -->\n<div class=\"ea-card  sp-ea-single\">\n\t<!-- Start accordion header. -->\n\t<h6 class=\"ea-header\">\n\t\t<!-- Add anchor tag for header. -->\n\t\t<a class=\"collapsed\" id=\"ea-header-60701\" role=\"button\" data-sptoggle=\"spcollapse\" data-sptarget=\"#collapse60701\" aria-controls=\"collapse60701\" href=\"#\"  aria-expanded=\"false\" tabindex=\"0\">\n\t\t<i aria-hidden=\"true\" role=\"presentation\" class=\"ea-expand-icon eap-icon-ea-expand-plus\"><\/i> 2. Est-ce que le d\u00e9odorant naturel bloque la transpiration ?\t\t<\/a> <!-- Close anchor tag for header. -->\n\t<\/h6>\t<!-- Close header tag. -->\n\t<!-- Start collapsible content div. -->\n\t<div class=\"sp-collapse spcollapse\" id=\"collapse60701\" data-parent=\"#sp-ea-6070\" role=\"region\" aria-labelledby=\"ea-header-60701\">  <!-- Content div. -->\n\t\t<div class=\"ea-body\">\n\t\t<p>Non, notre d\u00e9odorant naturel ne bloque pas la transpiration. Il permet \u00e0 votre peau de respirer et r\u00e9gule les mauvaises odeurs, sans obstruer les pores, afin que vous puissiez transpirer naturellement tout en restant frais.<\/p>\n\t\t<\/div> <!-- Close content div. -->\n\t<\/div> <!-- Close collapse div. -->\n<\/div> <!-- Close card div. -->\n<!-- Start accordion card div. -->\n<div class=\"ea-card  sp-ea-single\">\n\t<!-- Start accordion header. -->\n\t<h6 class=\"ea-header\">\n\t\t<!-- Add anchor tag for header. -->\n\t\t<a class=\"collapsed\" id=\"ea-header-60702\" role=\"button\" data-sptoggle=\"spcollapse\" data-sptarget=\"#collapse60702\" aria-controls=\"collapse60702\" href=\"#\"  aria-expanded=\"false\" tabindex=\"0\">\n\t\t<i aria-hidden=\"true\" role=\"presentation\" class=\"ea-expand-icon eap-icon-ea-expand-plus\"><\/i> 3. Puis-je utiliser ce d\u00e9odorant sur une peau sensible ?\t\t<\/a> <!-- Close anchor tag for header. -->\n\t<\/h6>\t<!-- Close header tag. -->\n\t<!-- Start collapsible content div. -->\n\t<div class=\"sp-collapse spcollapse\" id=\"collapse60702\" data-parent=\"#sp-ea-6070\" role=\"region\" aria-labelledby=\"ea-header-60702\">  <!-- Content div. -->\n\t\t<div class=\"ea-body\">\n\t\t<p>Oui, notre d\u00e9odorant naturel est formul\u00e9 pour convenir m\u00eame aux peaux les plus sensibles. Gr\u00e2ce \u00e0 sa composition douce et naturelle, il n'irrite pas et offre une protection sans nuire \u00e0 l'\u00e9quilibre de la peau.<\/p>\n\t\t<\/div> <!-- Close content div. -->\n\t<\/div> <!-- Close collapse div. -->\n<\/div> <!-- Close card div. -->\n<!-- Start accordion card div. -->\n<div class=\"ea-card  sp-ea-single\">\n\t<!-- Start accordion header. -->\n\t<h6 class=\"ea-header\">\n\t\t<!-- Add anchor tag for header. -->\n\t\t<a class=\"collapsed\" id=\"ea-header-60703\" role=\"button\" data-sptoggle=\"spcollapse\" data-sptarget=\"#collapse60703\" aria-controls=\"collapse60703\" href=\"#\"  aria-expanded=\"false\" tabindex=\"0\">\n\t\t<i aria-hidden=\"true\" role=\"presentation\" class=\"ea-expand-icon eap-icon-ea-expand-plus\"><\/i> 4. Le d\u00e9odorant laisse-t-il des traces sur les v\u00eatements ?\t\t<\/a> <!-- Close anchor tag for header. -->\n\t<\/h6>\t<!-- Close header tag. -->\n\t<!-- Start collapsible content div. -->\n\t<div class=\"sp-collapse spcollapse\" id=\"collapse60703\" data-parent=\"#sp-ea-6070\" role=\"region\" aria-labelledby=\"ea-header-60703\">  <!-- Content div. -->\n\t\t<div class=\"ea-body\">\n\t\t<p>Non, notre d\u00e9odorant est con\u00e7u pour ne pas laisser de traces ni de marques sur vos v\u00eatements, ce qui vous permet de porter vos v\u00eatements sans souci, m\u00eame apr\u00e8s l\u2019application.<\/p>\n\t\t<\/div> <!-- Close content div. -->\n\t<\/div> <!-- Close collapse div. -->\n<\/div> <!-- Close card div. -->\n<!-- Start accordion card div. -->\n<div class=\"ea-card  sp-ea-single\">\n\t<!-- Start accordion header. -->\n\t<h6 class=\"ea-header\">\n\t\t<!-- Add anchor tag for header. -->\n\t\t<a class=\"collapsed\" id=\"ea-header-60704\" role=\"button\" data-sptoggle=\"spcollapse\" data-sptarget=\"#collapse60704\" aria-controls=\"collapse60704\" href=\"#\"  aria-expanded=\"false\" tabindex=\"0\">\n\t\t<i aria-hidden=\"true\" role=\"presentation\" class=\"ea-expand-icon eap-icon-ea-expand-plus\"><\/i> 5. Comment appliquer le d\u00e9odorant naturel ?\t\t<\/a> <!-- Close anchor tag for header. -->\n\t<\/h6>\t<!-- Close header tag. -->\n\t<!-- Start collapsible content div. -->\n\t<div class=\"sp-collapse spcollapse\" id=\"collapse60704\" data-parent=\"#sp-ea-6070\" role=\"region\" aria-labelledby=\"ea-header-60704\">  <!-- Content div. -->\n\t\t<div class=\"ea-body\">\n\t\t<p>Appliquez une petite quantit\u00e9 sous chaque aisselle, sur peau propre et s\u00e8che. Pour une application hygi\u00e9nique et pratique, vous pouvez utiliser une spatule en bois. Massez bien jusqu'\u00e0 absorption totale du produit pour profiter d\u2019une journ\u00e9e sans mauvaises odeurs et sans sensation d'humidit\u00e9.<\/p>\n\t\t<\/div> <!-- Close content div. -->\n\t<\/div> <!-- Close collapse div. -->\n<\/div> <!-- Close card div. -->\n<!-- Start accordion card div. -->\n<div class=\"ea-card  sp-ea-single\">\n\t<!-- Start accordion header. -->\n\t<h6 class=\"ea-header\">\n\t\t<!-- Add anchor tag for header. -->\n\t\t<a class=\"collapsed\" id=\"ea-header-60705\" role=\"button\" data-sptoggle=\"spcollapse\" data-sptarget=\"#collapse60705\" aria-controls=\"collapse60705\" href=\"#\"  aria-expanded=\"false\" tabindex=\"0\">\n\t\t<i aria-hidden=\"true\" role=\"presentation\" class=\"ea-expand-icon eap-icon-ea-expand-plus\"><\/i> 6. Puis-je utiliser ce d\u00e9odorant pendant mes voyages ?\t\t<\/a> <!-- Close anchor tag for header. -->\n\t<\/h6>\t<!-- Close header tag. -->\n\t<!-- Start collapsible content div. -->\n\t<div class=\"sp-collapse spcollapse\" id=\"collapse60705\" data-parent=\"#sp-ea-6070\" role=\"region\" aria-labelledby=\"ea-header-60705\">  <!-- Content div. -->\n\t\t<div class=\"ea-body\">\n\t\t<p>Oui, notre d\u00e9odorant est compact et facile \u00e0 transporter, ce qui le rend id\u00e9al pour les voyages. Vous pouvez l'emporter partout avec vous pour une protection naturelle, m\u00eame en d\u00e9placement.<\/p>\n\t\t<\/div> <!-- Close content div. -->\n\t<\/div> <!-- Close collapse div. -->\n<\/div> <!-- Close card div. -->\n<!-- Start accordion card div. -->\n<div class=\"ea-card  sp-ea-single\">\n\t<!-- Start accordion header. -->\n\t<h6 class=\"ea-header\">\n\t\t<!-- Add anchor tag for header. -->\n\t\t<a class=\"collapsed\" id=\"ea-header-60706\" role=\"button\" data-sptoggle=\"spcollapse\" data-sptarget=\"#collapse60706\" aria-controls=\"collapse60706\" href=\"#\"  aria-expanded=\"false\" tabindex=\"0\">\n\t\t<i aria-hidden=\"true\" role=\"presentation\" class=\"ea-expand-icon eap-icon-ea-expand-plus\"><\/i> 7. Existe-t-il des senteurs sp\u00e9cifiques pour les hommes et les femmes ?\t\t<\/a> <!-- Close anchor tag for header. -->\n\t<\/h6>\t<!-- Close header tag. -->\n\t<!-- Start collapsible content div. -->\n\t<div class=\"sp-collapse spcollapse\" id=\"collapse60706\" data-parent=\"#sp-ea-6070\" role=\"region\" aria-labelledby=\"ea-header-60706\">  <!-- Content div. -->\n\t\t<div class=\"ea-body\">\n\t\t<p>Oui, nous proposons une large gamme de senteurs adapt\u00e9es aux pr\u00e9f\u00e9rences des femmes et des hommes. Vous pouvez choisir parmi diff\u00e9rentes fragrances, allant des notes florales et fruit\u00e9es aux senteurs bois\u00e9es et \u00e9pic\u00e9es.<\/p>\n\t\t<\/div> <!-- Close content div. -->\n\t<\/div> <!-- Close collapse div. -->\n<\/div> <!-- Close card div. -->\n<!-- Start accordion card div. -->\n<div class=\"ea-card  sp-ea-single\">\n\t<!-- Start accordion header. -->\n\t<h6 class=\"ea-header\">\n\t\t<!-- Add anchor tag for header. -->\n\t\t<a class=\"collapsed\" id=\"ea-header-60707\" role=\"button\" data-sptoggle=\"spcollapse\" data-sptarget=\"#collapse60707\" aria-controls=\"collapse60707\" href=\"#\"  aria-expanded=\"false\" tabindex=\"0\">\n\t\t<i aria-hidden=\"true\" role=\"presentation\" class=\"ea-expand-icon eap-icon-ea-expand-plus\"><\/i> 8. Le d\u00e9odorant \u00e9claircit-il les aisselles ?\t\t<\/a> <!-- Close anchor tag for header. -->\n\t<\/h6>\t<!-- Close header tag. -->\n\t<!-- Start collapsible content div. -->\n\t<div class=\"sp-collapse spcollapse\" id=\"collapse60707\" data-parent=\"#sp-ea-6070\" role=\"region\" aria-labelledby=\"ea-header-60707\">  <!-- Content div. -->\n\t\t<div class=\"ea-body\">\n\t\t<p>Oui, une utilisation r\u00e9guli\u00e8re de notre d\u00e9odorant naturel peut contribuer \u00e0 \u00e9claircir la peau des aisselles, la rendant plus uniforme et lumineuse au fil du temps.<\/p>\n\t\t<\/div> <!-- Close content div. -->\n\t<\/div> <!-- Close collapse div. -->\n<\/div> <!-- Close card div. -->\n<!-- Start accordion card div. -->\n<div class=\"ea-card  sp-ea-single\">\n\t<!-- Start accordion header. -->\n\t<h6 class=\"ea-header\">\n\t\t<!-- Add anchor tag for header. -->\n\t\t<a class=\"collapsed\" id=\"ea-header-60708\" role=\"button\" data-sptoggle=\"spcollapse\" data-sptarget=\"#collapse60708\" aria-controls=\"collapse60708\" href=\"#\"  aria-expanded=\"false\" tabindex=\"0\">\n\t\t<i aria-hidden=\"true\" role=\"presentation\" class=\"ea-expand-icon eap-icon-ea-expand-plus\"><\/i> 9. Combien de temps dure l'efficacit\u00e9 du d\u00e9odorant naturel ?\t\t<\/a> <!-- Close anchor tag for header. -->\n\t<\/h6>\t<!-- Close header tag. -->\n\t<!-- Start collapsible content div. -->\n\t<div class=\"sp-collapse spcollapse\" id=\"collapse60708\" data-parent=\"#sp-ea-6070\" role=\"region\" aria-labelledby=\"ea-header-60708\">  <!-- Content div. -->\n\t\t<div class=\"ea-body\">\n\t\t<p>Notre d\u00e9odorant naturel offre une protection longue dur\u00e9e, allant au-del\u00e0 de 48 heures. De nombreuses clientes affirment m\u00eame que son efficacit\u00e9 peut durer jusqu'\u00e0 4 jours, en fonction de votre activit\u00e9 et de votre type de peau.<\/p>\n\t\t<\/div> <!-- Close content div. -->\n\t<\/div> <!-- Close collapse div. -->\n<\/div> <!-- Close card div. -->\n<\/div>\n<\/div>","protected":false},"excerpt":{"rendered":"<p><strong>D\u00e9odorant Naturel \u2013 Protection, Douceur et Confort au Quotidien<\/strong><\/p>\n<p>D\u00e9couvrez notre d\u00e9odorant naturel, une solution efficace et douce pour prendre soin de votre peau tout en restant frais toute la journ\u00e9e. Formul\u00e9 avec des ingr\u00e9dients 100% naturels, il offre une protection longue dur\u00e9e contre les mauvaises odeurs sans nuire \u00e0 l\u2019\u00e9quilibre de votre peau.<\/p>","protected":false},"featured_media":6094,"comment_status":"open","ping_status":"closed","template":"","meta":{"_monsterinsights_skip_tracking":false,"_monsterinsights_sitenote_active":false,"_monsterinsights_sitenote_note":"","_monsterinsights_sitenote_category":0},"product_brand":[],"product_cat":[75],"product_tag":[141],"class_list":{"0":"post-5915","1":"product","2":"type-product","3":"status-publish","4":"has-post-thumbnail","6":"product_cat-corps","7":"product_tag-deodorant-naturel","10":"instock","11":"featured","12":"shipping-taxable","13":"purchasable","14":"product-type-simple"},"_links":{"self":[{"href":"https:\/\/soumicosmetics.com\/ar\/wp-json\/wp\/v2\/product\/5915","targetHints":{"allow":["GET"]}}],"collection":[{"href":"https:\/\/soumicosmetics.com\/ar\/wp-json\/wp\/v2\/product"}],"about":[{"href":"https:\/\/soumicosmetics.com\/ar\/wp-json\/wp\/v2\/types\/product"}],"replies":[{"embeddable":true,"href":"https:\/\/soumicosmetics.com\/ar\/wp-json\/wp\/v2\/comments?post=5915"}],"version-history":[{"count":1,"href":"https:\/\/soumicosmetics.com\/ar\/wp-json\/wp\/v2\/product\/5915\/revisions"}],"predecessor-version":[{"id":6095,"href":"https:\/\/soumicosmetics.com\/ar\/wp-json\/wp\/v2\/product\/5915\/revisions\/6095"}],"wp:featuredmedia":[{"embeddable":true,"href":"https:\/\/soumicosmetics.com\/ar\/wp-json\/wp\/v2\/media\/6094"}],"wp:attachment":[{"href":"https:\/\/soumicosmetics.com\/ar\/wp-json\/wp\/v2\/media?parent=5915"}],"wp:term":[{"taxonomy":"product_brand","embeddable":true,"href":"https:\/\/soumicosmetics.com\/ar\/wp-json\/wp\/v2\/product_brand?post=5915"},{"taxonomy":"product_cat","embeddable":true,"href":"https:\/\/soumicosmetics.com\/ar\/wp-json\/wp\/v2\/product_cat?post=5915"},{"taxonomy":"product_tag","embeddable":true,"href":"https:\/\/soumicosmetics.com\/ar\/wp-json\/wp\/v2\/product_tag?post=5915"}],"curies":[{"name":"wp","href":"https:\/\/api.w.org\/{rel}","templated":true}]}}