{"id":5384,"date":"2024-12-11T16:48:53","date_gmt":"2024-12-11T16:48:53","guid":{"rendered":"https:\/\/soumicosmetics.com\/?post_type=product&#038;p=5384"},"modified":"2025-04-27T00:13:37","modified_gmt":"2025-04-27T00:13:37","slug":"serum-eclat-visage","status":"publish","type":"product","link":"https:\/\/soumicosmetics.com\/ar\/product\/serum-eclat-visage\/","title":{"rendered":"S\u00e9rum \u00c9clat Visage"},"content":{"rendered":"<h3>R\u00e9sultats du S\u00e9rum \u00c9clat Visage :<\/h3>\n<ul style=\"color: #0f0f0f;\">\n<li>\u00c9claircit et unifie le teint tout en r\u00e9duisant les taches brunes<\/li>\n<li>Apporte un <strong>effet bonne mine<\/strong> imm\u00e9diat et un \u00e9clat naturel<\/li>\n<li>R\u00e9duit l&#8217;apparence des rides et des ridules<\/li>\n<li>Hydrate en profondeur et nourrit la peau pour une sensation de confort<\/li>\n<li>Diminue les cernes et resserre les pores pour une peau lisse et \u00e9clatante<\/li>\n<\/ul>\n<h3>Pour qui ?<\/h3>\n<p>Formul\u00e9 pour tous les types de peaux, y compris les peaux fatigu\u00e9es ternes et sans \u00e9clat pr\u00e9sentant des taches brunes et des cicatrices de boutons S\u2019adapte \u00e0 toutes les carnations.<\/p>\n<p><span style=\"color: #000000; font-size: 28px;\">Conseils d\u2019utilisation :<\/span><\/p>\n<p>Appliquez \u00a03 \u00e0 4 gouttes du s\u00e9rum sur une peau propre et l\u00e9g\u00e8rement humide, matin et soir. Massez d\u00e9licatement pour une absorption rapide sans oublier le coup pour une peau imm\u00e9diatement revitalis\u00e9e.<\/p>\n<blockquote><p><span style=\"color: #eb5c3a;\">Redonnez \u00e0 votre peau toute sa luminosit\u00e9 et son \u00e9clat avec le S\u00e9rum \u00c9clat Visage, pour un teint plus lumineux, hydrat\u00e9 et rajeuni !<br \/>\n<strong>D&#8217;origine naturelle, test\u00e9 cliniquement <\/strong><br \/>\n<\/span><\/p><\/blockquote>\n<style>#sp-ea-6068 .spcollapsing { height: 0; overflow: hidden; transition-property: height;transition-duration: 300ms;}#sp-ea-6068.sp-easy-accordion>.sp-ea-single {margin-bottom: 10px; border: 1px solid #e2e2e2; }#sp-ea-6068.sp-easy-accordion>.sp-ea-single>.ea-header a {color: #631d3c;}#sp-ea-6068.sp-easy-accordion>.sp-ea-single>.sp-collapse>.ea-body {background: #fff; color: #444;}#sp-ea-6068.sp-easy-accordion>.sp-ea-single {background: #f3c5ba;}#sp-ea-6068.sp-easy-accordion>.sp-ea-single>.ea-header a .ea-expand-icon { float: left; color: #444;font-size: 16px;}<\/style><div id=\"sp_easy_accordion-1736692413\">\n<div id=\"sp-ea-6068\" class=\"sp-ea-one sp-easy-accordion\" data-ea-active=\"ea-click\" data-ea-mode=\"vertical\" data-preloader=\"\" data-scroll-active-item=\"\" data-offset-to-scroll=\"0\">\n\n<!-- Start accordion card div. -->\n<div class=\"ea-card ea-expand sp-ea-single\">\n\t<!-- Start accordion header. -->\n\t<h6 class=\"ea-header\">\n\t\t<!-- Add anchor tag for header. -->\n\t\t<a class=\"collapsed\" id=\"ea-header-60680\" role=\"button\" data-sptoggle=\"spcollapse\" data-sptarget=\"#collapse60680\" aria-controls=\"collapse60680\" href=\"#\"  aria-expanded=\"true\" tabindex=\"0\">\n\t\t<i aria-hidden=\"true\" role=\"presentation\" class=\"ea-expand-icon eap-icon-ea-expand-minus\"><\/i> 1. \u00c0 qui est destin\u00e9 le S\u00e9rum \u00c9clat Visage ?\t\t<\/a> <!-- Close anchor tag for header. -->\n\t<\/h6>\t<!-- Close header tag. -->\n\t<!-- Start collapsible content div. -->\n\t<div class=\"sp-collapse spcollapse collapsed show\" id=\"collapse60680\" data-parent=\"#sp-ea-6068\" role=\"region\" aria-labelledby=\"ea-header-60680\">  <!-- Content div. -->\n\t\t<div class=\"ea-body\">\n\t\t<p>Le S\u00e9rum \u00c9clat Visage est formul\u00e9 pour tous les types de peau, y compris les peaux fatigu\u00e9es, sans \u00e9clat, sujettes aux taches brunes, et aux cicatrices de boutons. Il s\u2019adapte \u00e9galement \u00e0 toutes les carnations.<\/p>\n\t\t<\/div> <!-- Close content div. -->\n\t<\/div> <!-- Close collapse div. -->\n<\/div> <!-- Close card div. -->\n<!-- Start accordion card div. -->\n<div class=\"ea-card  sp-ea-single\">\n\t<!-- Start accordion header. -->\n\t<h6 class=\"ea-header\">\n\t\t<!-- Add anchor tag for header. -->\n\t\t<a class=\"collapsed\" id=\"ea-header-60681\" role=\"button\" data-sptoggle=\"spcollapse\" data-sptarget=\"#collapse60681\" aria-controls=\"collapse60681\" href=\"#\"  aria-expanded=\"false\" tabindex=\"0\">\n\t\t<i aria-hidden=\"true\" role=\"presentation\" class=\"ea-expand-icon eap-icon-ea-expand-plus\"><\/i> 2. Quels sont les principaux bienfaits du S\u00e9rum \u00c9clat Visage ?\t\t<\/a> <!-- Close anchor tag for header. -->\n\t<\/h6>\t<!-- Close header tag. -->\n\t<!-- Start collapsible content div. -->\n\t<div class=\"sp-collapse spcollapse\" id=\"collapse60681\" data-parent=\"#sp-ea-6068\" role=\"region\" aria-labelledby=\"ea-header-60681\">  <!-- Content div. -->\n\t\t<div class=\"ea-body\">\n\t\t<p>Ce s\u00e9rum aide \u00e0 r\u00e9duire les taches brunes, unifie le teint, hydrate la peau, diminue les cernes et r\u00e9duit l'apparence des pores. Il offre \u00e9galement un <strong>effet bonne mine<\/strong> et apporte un <strong>glow naturel<\/strong> \u00e0 la peau.<\/p>\n\t\t<\/div> <!-- Close content div. -->\n\t<\/div> <!-- Close collapse div. -->\n<\/div> <!-- Close card div. -->\n<!-- Start accordion card div. -->\n<div class=\"ea-card  sp-ea-single\">\n\t<!-- Start accordion header. -->\n\t<h6 class=\"ea-header\">\n\t\t<!-- Add anchor tag for header. -->\n\t\t<a class=\"collapsed\" id=\"ea-header-60682\" role=\"button\" data-sptoggle=\"spcollapse\" data-sptarget=\"#collapse60682\" aria-controls=\"collapse60682\" href=\"#\"  aria-expanded=\"false\" tabindex=\"0\">\n\t\t<i aria-hidden=\"true\" role=\"presentation\" class=\"ea-expand-icon eap-icon-ea-expand-plus\"><\/i> 3. Comment utiliser le S\u00e9rum \u00c9clat Visage ?\t\t<\/a> <!-- Close anchor tag for header. -->\n\t<\/h6>\t<!-- Close header tag. -->\n\t<!-- Start collapsible content div. -->\n\t<div class=\"sp-collapse spcollapse\" id=\"collapse60682\" data-parent=\"#sp-ea-6068\" role=\"region\" aria-labelledby=\"ea-header-60682\">  <!-- Content div. -->\n\t\t<div class=\"ea-body\">\n\t\t<p>Appliquez quelques gouttes du s\u00e9rum sur une peau propre et l\u00e8g\u00e8rement humide, matin et soir. Massez doucement le s\u00e9rum en effectuant des mouvements circulaires ascendants. N'oubliez pas d'\u00e9tendre l\u2019application sur le cou et le d\u00e9collet\u00e9 pour de meilleurs r\u00e9sultats.<\/p>\n\t\t<\/div> <!-- Close content div. -->\n\t<\/div> <!-- Close collapse div. -->\n<\/div> <!-- Close card div. -->\n<!-- Start accordion card div. -->\n<div class=\"ea-card  sp-ea-single\">\n\t<!-- Start accordion header. -->\n\t<h6 class=\"ea-header\">\n\t\t<!-- Add anchor tag for header. -->\n\t\t<a class=\"collapsed\" id=\"ea-header-60683\" role=\"button\" data-sptoggle=\"spcollapse\" data-sptarget=\"#collapse60683\" aria-controls=\"collapse60683\" href=\"#\"  aria-expanded=\"false\" tabindex=\"0\">\n\t\t<i aria-hidden=\"true\" role=\"presentation\" class=\"ea-expand-icon eap-icon-ea-expand-plus\"><\/i> 4. Le S\u00e9rum \u00c9clat Visage convient-il aux peaux sensibles ?\t\t<\/a> <!-- Close anchor tag for header. -->\n\t<\/h6>\t<!-- Close header tag. -->\n\t<!-- Start collapsible content div. -->\n\t<div class=\"sp-collapse spcollapse\" id=\"collapse60683\" data-parent=\"#sp-ea-6068\" role=\"region\" aria-labelledby=\"ea-header-60683\">  <!-- Content div. -->\n\t\t<div class=\"ea-body\">\n\t\t<p>Oui, notre s\u00e9rum est con\u00e7u pour \u00eatre doux et adapt\u00e9 \u00e0 tous les types de peau, y compris les peaux sensibles. Toutefois, il est recommand\u00e9 de faire un test de tol\u00e9rance sur une petite zone avant une premi\u00e8re utilisation.<\/p>\n\t\t<\/div> <!-- Close content div. -->\n\t<\/div> <!-- Close collapse div. -->\n<\/div> <!-- Close card div. -->\n<!-- Start accordion card div. -->\n<div class=\"ea-card  sp-ea-single\">\n\t<!-- Start accordion header. -->\n\t<h6 class=\"ea-header\">\n\t\t<!-- Add anchor tag for header. -->\n\t\t<a class=\"collapsed\" id=\"ea-header-60684\" role=\"button\" data-sptoggle=\"spcollapse\" data-sptarget=\"#collapse60684\" aria-controls=\"collapse60684\" href=\"#\"  aria-expanded=\"false\" tabindex=\"0\">\n\t\t<i aria-hidden=\"true\" role=\"presentation\" class=\"ea-expand-icon eap-icon-ea-expand-plus\"><\/i> 5. Combien de temps faut-il pour voir les r\u00e9sultats ?\t\t<\/a> <!-- Close anchor tag for header. -->\n\t<\/h6>\t<!-- Close header tag. -->\n\t<!-- Start collapsible content div. -->\n\t<div class=\"sp-collapse spcollapse\" id=\"collapse60684\" data-parent=\"#sp-ea-6068\" role=\"region\" aria-labelledby=\"ea-header-60684\">  <!-- Content div. -->\n\t\t<div class=\"ea-body\">\n\t\t<p>Les premiers r\u00e9sultats peuvent \u00eatre visibles apr\u00e8s quelques jours d\u2019utilisation r\u00e9guli\u00e8re, notamment un teint plus lumineux et uniforme. Pour des r\u00e9sultats optimaux, il est recommand\u00e9 d\u2019utiliser le s\u00e9rum pendant plusieurs semaines.<\/p>\n\t\t<\/div> <!-- Close content div. -->\n\t<\/div> <!-- Close collapse div. -->\n<\/div> <!-- Close card div. -->\n<!-- Start accordion card div. -->\n<div class=\"ea-card  sp-ea-single\">\n\t<!-- Start accordion header. -->\n\t<h6 class=\"ea-header\">\n\t\t<!-- Add anchor tag for header. -->\n\t\t<a class=\"collapsed\" id=\"ea-header-60685\" role=\"button\" data-sptoggle=\"spcollapse\" data-sptarget=\"#collapse60685\" aria-controls=\"collapse60685\" href=\"#\"  aria-expanded=\"false\" tabindex=\"0\">\n\t\t<i aria-hidden=\"true\" role=\"presentation\" class=\"ea-expand-icon eap-icon-ea-expand-plus\"><\/i> 6. Le s\u00e9rum provoque-t-il une purge de la peau ?\t\t<\/a> <!-- Close anchor tag for header. -->\n\t<\/h6>\t<!-- Close header tag. -->\n\t<!-- Start collapsible content div. -->\n\t<div class=\"sp-collapse spcollapse\" id=\"collapse60685\" data-parent=\"#sp-ea-6068\" role=\"region\" aria-labelledby=\"ea-header-60685\">  <!-- Content div. -->\n\t\t<div class=\"ea-body\">\n\t\t<p>Il est possible que vous remarquiez une l\u00e9g\u00e8re \u00ab purge \u00bb de la peau pendant les premi\u00e8res applications, o\u00f9 des boutons ou imperfections peuvent temporairement appara\u00eetre \u00e0 la surface. Cela est tout \u00e0 fait normal et fait partie du processus de purification de la peau. Les r\u00e9sultats se stabiliseront apr\u00e8s quelques jours.<\/p>\n\t\t<\/div> <!-- Close content div. -->\n\t<\/div> <!-- Close collapse div. -->\n<\/div> <!-- Close card div. -->\n<!-- Start accordion card div. -->\n<div class=\"ea-card  sp-ea-single\">\n\t<!-- Start accordion header. -->\n\t<h6 class=\"ea-header\">\n\t\t<!-- Add anchor tag for header. -->\n\t\t<a class=\"collapsed\" id=\"ea-header-60686\" role=\"button\" data-sptoggle=\"spcollapse\" data-sptarget=\"#collapse60686\" aria-controls=\"collapse60686\" href=\"#\"  aria-expanded=\"false\" tabindex=\"0\">\n\t\t<i aria-hidden=\"true\" role=\"presentation\" class=\"ea-expand-icon eap-icon-ea-expand-plus\"><\/i> 7.Puis-je utiliser le S\u00e9rum \u00c9clat Visage en combinaison avec d'autres produits de soin ?\t\t<\/a> <!-- Close anchor tag for header. -->\n\t<\/h6>\t<!-- Close header tag. -->\n\t<!-- Start collapsible content div. -->\n\t<div class=\"sp-collapse spcollapse\" id=\"collapse60686\" data-parent=\"#sp-ea-6068\" role=\"region\" aria-labelledby=\"ea-header-60686\">  <!-- Content div. -->\n\t\t<div class=\"ea-body\">\n\t\t<p>Il est pr\u00e9f\u00e9rable de ne pas m\u00e9langer le S\u00e9rum \u00c9clat Visage avec d\u2019autres produits traitants (comme des s\u00e9rums ou cr\u00e8mes cibl\u00e9es) lors de son utilisation, afin de mieux observer ses r\u00e9sultats. Utilisez-le seul pour voir son efficacit\u00e9 optimale. Toutefois, vous pouvez compl\u00e9ter votre routine une protection solaire, apr\u00e8s l\u2019application du s\u00e9rum, \u00a0pour prot\u00e9ger votre peau au quotidien.<\/p>\n\t\t<\/div> <!-- Close content div. -->\n\t<\/div> <!-- Close collapse div. -->\n<\/div> <!-- Close card div. -->\n<!-- Start accordion card div. -->\n<div class=\"ea-card  sp-ea-single\">\n\t<!-- Start accordion header. -->\n\t<h6 class=\"ea-header\">\n\t\t<!-- Add anchor tag for header. -->\n\t\t<a class=\"collapsed\" id=\"ea-header-60687\" role=\"button\" data-sptoggle=\"spcollapse\" data-sptarget=\"#collapse60687\" aria-controls=\"collapse60687\" href=\"#\"  aria-expanded=\"false\" tabindex=\"0\">\n\t\t<i aria-hidden=\"true\" role=\"presentation\" class=\"ea-expand-icon eap-icon-ea-expand-plus\"><\/i> 8. Le S\u00e9rum \u00c9clat Visage peut-il \u00eatre utilis\u00e9 sous le maquillage ?\t\t<\/a> <!-- Close anchor tag for header. -->\n\t<\/h6>\t<!-- Close header tag. -->\n\t<!-- Start collapsible content div. -->\n\t<div class=\"sp-collapse spcollapse\" id=\"collapse60687\" data-parent=\"#sp-ea-6068\" role=\"region\" aria-labelledby=\"ea-header-60687\">  <!-- Content div. -->\n\t\t<div class=\"ea-body\">\n\t\t<p>Absolument ! Le s\u00e9rum p\u00e9n\u00e8tre rapidement, laissant la peau douce et hydrat\u00e9e, ce qui en fait une excellente base avant l\u2019application du maquillage.<\/p>\n\t\t<\/div> <!-- Close content div. -->\n\t<\/div> <!-- Close collapse div. -->\n<\/div> <!-- Close card div. -->\n<!-- Start accordion card div. -->\n<div class=\"ea-card  sp-ea-single\">\n\t<!-- Start accordion header. -->\n\t<h6 class=\"ea-header\">\n\t\t<!-- Add anchor tag for header. -->\n\t\t<a class=\"collapsed\" id=\"ea-header-60688\" role=\"button\" data-sptoggle=\"spcollapse\" data-sptarget=\"#collapse60688\" aria-controls=\"collapse60688\" href=\"#\"  aria-expanded=\"false\" tabindex=\"0\">\n\t\t<i aria-hidden=\"true\" role=\"presentation\" class=\"ea-expand-icon eap-icon-ea-expand-plus\"><\/i> 9. Est-ce que le S\u00e9rum \u00c9clat Visage convient aux hommes ?\t\t<\/a> <!-- Close anchor tag for header. -->\n\t<\/h6>\t<!-- Close header tag. -->\n\t<!-- Start collapsible content div. -->\n\t<div class=\"sp-collapse spcollapse\" id=\"collapse60688\" data-parent=\"#sp-ea-6068\" role=\"region\" aria-labelledby=\"ea-header-60688\">  <!-- Content div. -->\n\t\t<div class=\"ea-body\">\n\t\t<p>Oui, ce s\u00e9rum est adapt\u00e9 \u00e0 tous les types de peau, qu\u2019elles soient masculines ou f\u00e9minines. Il peut \u00eatre int\u00e9gr\u00e9 \u00e0 votre routine de soin pour un teint \u00e9clatant et uniforme.<\/p>\n\t\t<\/div> <!-- Close content div. -->\n\t<\/div> <!-- Close collapse div. -->\n<\/div> <!-- Close card div. -->\n<!-- Start accordion card div. -->\n<div class=\"ea-card  sp-ea-single\">\n\t<!-- Start accordion header. -->\n\t<h6 class=\"ea-header\">\n\t\t<!-- Add anchor tag for header. -->\n\t\t<a class=\"collapsed\" id=\"ea-header-60689\" role=\"button\" data-sptoggle=\"spcollapse\" data-sptarget=\"#collapse60689\" aria-controls=\"collapse60689\" href=\"#\"  aria-expanded=\"false\" tabindex=\"0\">\n\t\t<i aria-hidden=\"true\" role=\"presentation\" class=\"ea-expand-icon eap-icon-ea-expand-plus\"><\/i> 10. Combien de temps dure un flacon de S\u00e9rum \u00c9clat Visage ?\t\t<\/a> <!-- Close anchor tag for header. -->\n\t<\/h6>\t<!-- Close header tag. -->\n\t<!-- Start collapsible content div. -->\n\t<div class=\"sp-collapse spcollapse\" id=\"collapse60689\" data-parent=\"#sp-ea-6068\" role=\"region\" aria-labelledby=\"ea-header-60689\">  <!-- Content div. -->\n\t\t<div class=\"ea-body\">\n\t\t<p>En fonction de l\u2019utilisation, un flacon de S\u00e9rum \u00c9clat Visage dure g\u00e9n\u00e9ralement entre 2 mois. Il est recommand\u00e9 de l'utiliser quotidiennement pour des r\u00e9sultats optimaux.<\/p>\n\t\t<\/div> <!-- Close content div. -->\n\t<\/div> <!-- Close collapse div. -->\n<\/div> <!-- Close card div. -->\n<\/div>\n<\/div>","protected":false},"excerpt":{"rendered":"<p><strong>S\u00e9rum \u00c9clat Visage &#8211; \u00c9clairez, Unifiez et Rafra\u00eechissez Votre Teint<\/strong><\/p>\n<p>Le S\u00e9rum \u00c9clat Visage Offre \u00e0 votre peau un v\u00e9ritable coup d&#8217;\u00e9clat avec notre <strong>S\u00e9rum \u00c9clat Visage<\/strong>. Ce s\u00e9rum hautement concentr\u00e9 agit sur tous les fronts pour une peau lumineuse, un teint uniforme et un regard rafra\u00eechi. Gr\u00e2ce \u00e0 l&#8217;extrait de r\u00e9glisse, connu pour ses vertus \u00e9claircissantes et apaisantes, ce s\u00e9rum aide \u00e0 r\u00e9duire les taches brunes et \u00e0 unifier le teint, tout en illuminant la peau pour un effet <strong>bonne mine imm\u00e9diat<\/strong>.<\/p>\n<p>En plus de ses bienfaits sur les imperfections, il hydrate intens\u00e9ment la peau, r\u00e9duisant visiblement l&#8217;apparence des rides et ridules. Sa texture l\u00e9g\u00e8re p\u00e9n\u00e8tre rapidement pour nourrir et revitaliser la peau, en la laissant douce et souple. Ce s\u00e9rum est \u00e9galement id\u00e9al pour diminuer les cernes et resserrer les pores dilat\u00e9s, pour un teint plus lisse, plus jeune et parfaitement uniforme.<\/p>","protected":false},"featured_media":5822,"comment_status":"closed","ping_status":"closed","template":"","meta":{"_monsterinsights_skip_tracking":false,"_monsterinsights_sitenote_active":false,"_monsterinsights_sitenote_note":"","_monsterinsights_sitenote_category":0},"product_brand":[],"product_cat":[74],"product_tag":[89,85,83,88,86,87,84],"class_list":{"0":"post-5384","1":"product","2":"type-product","3":"status-publish","4":"has-post-thumbnail","6":"product_cat-visage","7":"product_tag-booster-declat-visage-bio","8":"product_tag-serum-bio-pour-un-teint-eclatant","9":"product_tag-serum-eclat-visage","10":"product_tag-serum-hydratant-eclat-naturel","11":"product_tag-serum-revitalisant-naturel","12":"product_tag-soins-pour-peau-terne-bio","13":"product_tag-soins-visage-pour-teint-lumineux","16":"instock","17":"featured","18":"shipping-taxable","19":"purchasable","20":"product-type-simple"},"_links":{"self":[{"href":"https:\/\/soumicosmetics.com\/ar\/wp-json\/wp\/v2\/product\/5384","targetHints":{"allow":["GET"]}}],"collection":[{"href":"https:\/\/soumicosmetics.com\/ar\/wp-json\/wp\/v2\/product"}],"about":[{"href":"https:\/\/soumicosmetics.com\/ar\/wp-json\/wp\/v2\/types\/product"}],"replies":[{"embeddable":true,"href":"https:\/\/soumicosmetics.com\/ar\/wp-json\/wp\/v2\/comments?post=5384"}],"version-history":[{"count":1,"href":"https:\/\/soumicosmetics.com\/ar\/wp-json\/wp\/v2\/product\/5384\/revisions"}],"predecessor-version":[{"id":5398,"href":"https:\/\/soumicosmetics.com\/ar\/wp-json\/wp\/v2\/product\/5384\/revisions\/5398"}],"wp:featuredmedia":[{"embeddable":true,"href":"https:\/\/soumicosmetics.com\/ar\/wp-json\/wp\/v2\/media\/5822"}],"wp:attachment":[{"href":"https:\/\/soumicosmetics.com\/ar\/wp-json\/wp\/v2\/media?parent=5384"}],"wp:term":[{"taxonomy":"product_brand","embeddable":true,"href":"https:\/\/soumicosmetics.com\/ar\/wp-json\/wp\/v2\/product_brand?post=5384"},{"taxonomy":"product_cat","embeddable":true,"href":"https:\/\/soumicosmetics.com\/ar\/wp-json\/wp\/v2\/product_cat?post=5384"},{"taxonomy":"product_tag","embeddable":true,"href":"https:\/\/soumicosmetics.com\/ar\/wp-json\/wp\/v2\/product_tag?post=5384"}],"curies":[{"name":"wp","href":"https:\/\/api.w.org\/{rel}","templated":true}]}}