{"id":5378,"date":"2024-12-11T16:17:54","date_gmt":"2024-12-11T16:17:54","guid":{"rendered":"https:\/\/soumicosmetics.com\/?post_type=product&#038;p=5378"},"modified":"2025-10-19T17:12:26","modified_gmt":"2025-10-19T17:12:26","slug":"serum-anti-chute","status":"publish","type":"product","link":"https:\/\/soumicosmetics.com\/ar\/product\/serum-anti-chute\/","title":{"rendered":"Se\u0301rum Anti ch\u00fbte"},"content":{"rendered":"<h3>Bienfaits Se\u0301rum anti ch\u00fbte :<\/h3>\n<ul style=\"color: #0f0f0f;\">\n<li><strong>Stimule la pousse des cheveux<\/strong> : L&#8217;<strong>huile de ricin<\/strong> est r\u00e9put\u00e9e pour ses vertus nourrissantes et r\u00e9paratrices, favorisant une croissance capillaire plus rapide et des cheveux plus \u00e9pais.<\/li>\n<li><strong>Renforce les racines<\/strong> : L&#8217;<strong>huile de nigelle<\/strong>, riche en antioxydants et acides gras essentiels, nourrit en profondeur et fortifie les racines des cheveux, tout en r\u00e9duisant leur chute.<\/li>\n<li><strong>Am\u00e9liore la circulation sanguine<\/strong> : L&#8217;<strong>huile de moutarde<\/strong> stimule la circulation sanguine du cuir chevelu, ce qui revitalise les follicules pileux et renforce la croissance des cheveux.<\/li>\n<li><strong>Purifie et \u00e9quilibre<\/strong> : L&#8217;<strong>huile essentielle de romarin<\/strong> est un alli\u00e9 pr\u00e9cieux pour lutter contre la chute des cheveux. Elle am\u00e9liore la circulation sanguine du cuir chevelu, favorise l&#8217;oxyg\u00e9nation des racines et r\u00e9duit la production de s\u00e9bum, cr\u00e9ant un environnement sain pour la croissance des cheveux.<\/li>\n<li><strong>100% naturel<\/strong> : Formul\u00e9 exclusivement \u00e0 partir d&#8217;huiles v\u00e9g\u00e9tales press\u00e9es \u00e0 froid et d&#8217;huiles essentielles, sans parab\u00e8nes ni produits chimiques agressifs.<\/li>\n<\/ul>\n<h3>Ingr\u00e9dients principaux :<\/h3>\n<ul>\n<li><strong>Huile de Ricin<\/strong> : Stimule la pousse des cheveux et les rend plus forts.<\/li>\n<li><strong>Huile de Nigelle<\/strong> : Nourrit et renforce les racines, r\u00e9duisant la chute.<\/li>\n<li><strong>Huile de Moutarde<\/strong> : Stimule la circulation sanguine pour favoriser la croissance.<\/li>\n<li><strong>Huile Essentielle de Romarin<\/strong> : Purifie le cuir chevelu, am\u00e9liore la circulation et r\u00e9duit la chute des cheveux.<\/li>\n<\/ul>\n<h3>Conseils d\u2019utilisation :<\/h3>\n<ol>\n<li>Appliquez quelques gouttes de s\u00e9rum directement sur le cuir chevelu propre et sec.<\/li>\n<li>Massez doucement du bout des doigts pour stimuler la circulation sanguine et favoriser l&#8217;absorption.<\/li>\n<li>Laissez agir pendant 2 h \u00e0 3 heure, ou toute la nuit pour des r\u00e9sultats optimaux.<\/li>\n<li>Lavez vos cheveux avec un shampoing doux et sans sulfate.<\/li>\n<\/ol>\n<blockquote><p><span style=\"color: #eb5c3a;\">Utilisez ce s\u00e9rum 2 \u00e0 3 fois par semaine pour un cuir chevelu revitalis\u00e9, une r\u00e9duction de la chute des cheveux et une chevelure plus dense et plus saine.<\/span><\/p><\/blockquote>\n<style>#sp-ea-6065 .spcollapsing { height: 0; overflow: hidden; transition-property: height;transition-duration: 300ms;}#sp-ea-6065.sp-easy-accordion>.sp-ea-single {margin-bottom: 10px; border: 1px solid #e2e2e2; }#sp-ea-6065.sp-easy-accordion>.sp-ea-single>.ea-header a {color: #631d3c;}#sp-ea-6065.sp-easy-accordion>.sp-ea-single>.sp-collapse>.ea-body {background: #fff; color: #444;}#sp-ea-6065.sp-easy-accordion>.sp-ea-single {background: #f3c5ba;}#sp-ea-6065.sp-easy-accordion>.sp-ea-single>.ea-header a .ea-expand-icon { float: left; color: #444;font-size: 16px;}<\/style><div id=\"sp_easy_accordion-1736689839\">\n<div id=\"sp-ea-6065\" class=\"sp-ea-one sp-easy-accordion\" data-ea-active=\"ea-click\" data-ea-mode=\"vertical\" data-preloader=\"\" data-scroll-active-item=\"\" data-offset-to-scroll=\"0\">\n\n<!-- Start accordion card div. -->\n<div class=\"ea-card ea-expand sp-ea-single\">\n\t<!-- Start accordion header. -->\n\t<h6 class=\"ea-header\">\n\t\t<!-- Add anchor tag for header. -->\n\t\t<a class=\"collapsed\" id=\"ea-header-60650\" role=\"button\" data-sptoggle=\"spcollapse\" data-sptarget=\"#collapse60650\" aria-controls=\"collapse60650\" href=\"#\"  aria-expanded=\"true\" tabindex=\"0\">\n\t\t<i aria-hidden=\"true\" role=\"presentation\" class=\"ea-expand-icon eap-icon-ea-expand-minus\"><\/i> 1. Puis-je laisser le s\u00e9rum toute la nuit ?\t\t<\/a> <!-- Close anchor tag for header. -->\n\t<\/h6>\t<!-- Close header tag. -->\n\t<!-- Start collapsible content div. -->\n\t<div class=\"sp-collapse spcollapse collapsed show\" id=\"collapse60650\" data-parent=\"#sp-ea-6065\" role=\"region\" aria-labelledby=\"ea-header-60650\">  <!-- Content div. -->\n\t\t<div class=\"ea-body\">\n\t\t<p><strong>Oui,<\/strong> vous pouvez laisser le s\u00e9rum agir toute la nuit pour des r\u00e9sultats optimaux. Les huiles p\u00e9n\u00e8trent en profondeur dans le cuir chevelu et les racines des cheveux pendant la nuit, favorisant une meilleure absorption et stimulant la croissance des cheveux. Le matin, lavez vos cheveux avec un shampoing doux pour \u00e9liminer l'exc\u00e9dent d'huile.<\/p>\n\t\t<\/div> <!-- Close content div. -->\n\t<\/div> <!-- Close collapse div. -->\n<\/div> <!-- Close card div. -->\n<!-- Start accordion card div. -->\n<div class=\"ea-card  sp-ea-single\">\n\t<!-- Start accordion header. -->\n\t<h6 class=\"ea-header\">\n\t\t<!-- Add anchor tag for header. -->\n\t\t<a class=\"collapsed\" id=\"ea-header-60651\" role=\"button\" data-sptoggle=\"spcollapse\" data-sptarget=\"#collapse60651\" aria-controls=\"collapse60651\" href=\"#\"  aria-expanded=\"false\" tabindex=\"0\">\n\t\t<i aria-hidden=\"true\" role=\"presentation\" class=\"ea-expand-icon eap-icon-ea-expand-plus\"><\/i> 2. Combien de fois par semaine dois-je utiliser ce s\u00e9rum ?\t\t<\/a> <!-- Close anchor tag for header. -->\n\t<\/h6>\t<!-- Close header tag. -->\n\t<!-- Start collapsible content div. -->\n\t<div class=\"sp-collapse spcollapse\" id=\"collapse60651\" data-parent=\"#sp-ea-6065\" role=\"region\" aria-labelledby=\"ea-header-60651\">  <!-- Content div. -->\n\t\t<div class=\"ea-body\">\n\t\t<p>Nous vous recommandons d'utiliser le s\u00e9rum 2 \u00e0 3 fois par semaine pour obtenir les meilleurs r\u00e9sultats. Si vous avez des cheveux tr\u00e8s fragiles ou sujets \u00e0 la chute, vous pouvez l'utiliser plus fr\u00e9quemment.<\/p>\n\t\t<\/div> <!-- Close content div. -->\n\t<\/div> <!-- Close collapse div. -->\n<\/div> <!-- Close card div. -->\n<!-- Start accordion card div. -->\n<div class=\"ea-card  sp-ea-single\">\n\t<!-- Start accordion header. -->\n\t<h6 class=\"ea-header\">\n\t\t<!-- Add anchor tag for header. -->\n\t\t<a class=\"collapsed\" id=\"ea-header-60652\" role=\"button\" data-sptoggle=\"spcollapse\" data-sptarget=\"#collapse60652\" aria-controls=\"collapse60652\" href=\"#\"  aria-expanded=\"false\" tabindex=\"0\">\n\t\t<i aria-hidden=\"true\" role=\"presentation\" class=\"ea-expand-icon eap-icon-ea-expand-plus\"><\/i> 3. Puis-je utiliser ce s\u00e9rum sur des cheveux color\u00e9s ?\t\t<\/a> <!-- Close anchor tag for header. -->\n\t<\/h6>\t<!-- Close header tag. -->\n\t<!-- Start collapsible content div. -->\n\t<div class=\"sp-collapse spcollapse\" id=\"collapse60652\" data-parent=\"#sp-ea-6065\" role=\"region\" aria-labelledby=\"ea-header-60652\">  <!-- Content div. -->\n\t\t<div class=\"ea-body\">\n\t\t<p>Oui, ce s\u00e9rum est adapt\u00e9 \u00e0 tous les types de cheveux, y compris les cheveux color\u00e9s. Les ingr\u00e9dients naturels et nourrissants comme l'huile de ricin et l'huile de nigelle aident \u00e0 renforcer et \u00e0 prot\u00e9ger les cheveux sans alt\u00e9rer leur couleur.<\/p>\n\t\t<\/div> <!-- Close content div. -->\n\t<\/div> <!-- Close collapse div. -->\n<\/div> <!-- Close card div. -->\n<!-- Start accordion card div. -->\n<div class=\"ea-card  sp-ea-single\">\n\t<!-- Start accordion header. -->\n\t<h6 class=\"ea-header\">\n\t\t<!-- Add anchor tag for header. -->\n\t\t<a class=\"collapsed\" id=\"ea-header-60653\" role=\"button\" data-sptoggle=\"spcollapse\" data-sptarget=\"#collapse60653\" aria-controls=\"collapse60653\" href=\"#\"  aria-expanded=\"false\" tabindex=\"0\">\n\t\t<i aria-hidden=\"true\" role=\"presentation\" class=\"ea-expand-icon eap-icon-ea-expand-plus\"><\/i> 4. Est-ce que ce s\u00e9rum convient aux cuirs chevelus sensibles ?\t\t<\/a> <!-- Close anchor tag for header. -->\n\t<\/h6>\t<!-- Close header tag. -->\n\t<!-- Start collapsible content div. -->\n\t<div class=\"sp-collapse spcollapse\" id=\"collapse60653\" data-parent=\"#sp-ea-6065\" role=\"region\" aria-labelledby=\"ea-header-60653\">  <!-- Content div. -->\n\t\t<div class=\"ea-body\">\n\t\t<p>Oui, ce s\u00e9rum est formul\u00e9 \u00e0 partir d'huiles v\u00e9g\u00e9tales press\u00e9es \u00e0 froid et d'huiles essentielles, ce qui le rend doux pour le cuir chevelu. Cependant, si vous avez un cuir chevelu tr\u00e8s sensible, il est recommand\u00e9 de faire un test de tol\u00e9rance sur une petite zone de peau avant de l'appliquer sur tout le cuir chevelu.<\/p>\n\t\t<\/div> <!-- Close content div. -->\n\t<\/div> <!-- Close collapse div. -->\n<\/div> <!-- Close card div. -->\n<!-- Start accordion card div. -->\n<div class=\"ea-card  sp-ea-single\">\n\t<!-- Start accordion header. -->\n\t<h6 class=\"ea-header\">\n\t\t<!-- Add anchor tag for header. -->\n\t\t<a class=\"collapsed\" id=\"ea-header-60654\" role=\"button\" data-sptoggle=\"spcollapse\" data-sptarget=\"#collapse60654\" aria-controls=\"collapse60654\" href=\"#\"  aria-expanded=\"false\" tabindex=\"0\">\n\t\t<i aria-hidden=\"true\" role=\"presentation\" class=\"ea-expand-icon eap-icon-ea-expand-plus\"><\/i> 5. Combien de temps faut-il pour voir les r\u00e9sultats ?\t\t<\/a> <!-- Close anchor tag for header. -->\n\t<\/h6>\t<!-- Close header tag. -->\n\t<!-- Start collapsible content div. -->\n\t<div class=\"sp-collapse spcollapse\" id=\"collapse60654\" data-parent=\"#sp-ea-6065\" role=\"region\" aria-labelledby=\"ea-header-60654\">  <!-- Content div. -->\n\t\t<div class=\"ea-body\">\n\t\t<p>Les r\u00e9sultats peuvent varier d'une personne \u00e0 l'autre, mais g\u00e9n\u00e9ralement, apr\u00e8s 4 \u00e0 6 semaines d'utilisation r\u00e9guli\u00e8re, vous devriez commencer \u00e0 remarquer une r\u00e9duction de la chute de cheveux et une am\u00e9lioration de la densit\u00e9 capillaire.<\/p>\n\t\t<\/div> <!-- Close content div. -->\n\t<\/div> <!-- Close collapse div. -->\n<\/div> <!-- Close card div. -->\n<!-- Start accordion card div. -->\n<div class=\"ea-card  sp-ea-single\">\n\t<!-- Start accordion header. -->\n\t<h6 class=\"ea-header\">\n\t\t<!-- Add anchor tag for header. -->\n\t\t<a class=\"collapsed\" id=\"ea-header-60655\" role=\"button\" data-sptoggle=\"spcollapse\" data-sptarget=\"#collapse60655\" aria-controls=\"collapse60655\" href=\"#\"  aria-expanded=\"false\" tabindex=\"0\">\n\t\t<i aria-hidden=\"true\" role=\"presentation\" class=\"ea-expand-icon eap-icon-ea-expand-plus\"><\/i> 6. Ce s\u00e9rum peut-il \u00eatre utilis\u00e9 sur des cheveux gras ?\t\t<\/a> <!-- Close anchor tag for header. -->\n\t<\/h6>\t<!-- Close header tag. -->\n\t<!-- Start collapsible content div. -->\n\t<div class=\"sp-collapse spcollapse\" id=\"collapse60655\" data-parent=\"#sp-ea-6065\" role=\"region\" aria-labelledby=\"ea-header-60655\">  <!-- Content div. -->\n\t\t<div class=\"ea-body\">\n\t\t<p>Oui, ce s\u00e9rum peut \u00eatre utilis\u00e9 sur tous les types de cheveux, y compris les cheveux gras. Cependant, appliquez-le principalement sur le cuir chevelu et les racines pour \u00e9viter d'alourdir les longueurs. Si vous avez les cheveux gras, un shampoing l\u00e9ger et sans sulfate est recommand\u00e9 pour bien nettoyer le cuir chevelu apr\u00e8s l'application.<\/p>\n\t\t<\/div> <!-- Close content div. -->\n\t<\/div> <!-- Close collapse div. -->\n<\/div> <!-- Close card div. -->\n<!-- Start accordion card div. -->\n<div class=\"ea-card  sp-ea-single\">\n\t<!-- Start accordion header. -->\n\t<h6 class=\"ea-header\">\n\t\t<!-- Add anchor tag for header. -->\n\t\t<a class=\"collapsed\" id=\"ea-header-60656\" role=\"button\" data-sptoggle=\"spcollapse\" data-sptarget=\"#collapse60656\" aria-controls=\"collapse60656\" href=\"#\"  aria-expanded=\"false\" tabindex=\"0\">\n\t\t<i aria-hidden=\"true\" role=\"presentation\" class=\"ea-expand-icon eap-icon-ea-expand-plus\"><\/i> 7. Est-ce que ce produit contient des produits chimiques agressifs ?\t\t<\/a> <!-- Close anchor tag for header. -->\n\t<\/h6>\t<!-- Close header tag. -->\n\t<!-- Start collapsible content div. -->\n\t<div class=\"sp-collapse spcollapse\" id=\"collapse60656\" data-parent=\"#sp-ea-6065\" role=\"region\" aria-labelledby=\"ea-header-60656\">  <!-- Content div. -->\n\t\t<div class=\"ea-body\">\n\t\t<p>Non, notre s\u00e9rum est 100 % naturel, formul\u00e9 sans parab\u00e8nes, sulfates ni autres produits chimiques agressifs. Il est uniquement compos\u00e9 d'huiles v\u00e9g\u00e9tales press\u00e9es \u00e0 froid et d'huiles essentielles, ce qui le rend doux et respectueux pour votre cuir chevelu et vos cheveux.<\/p>\n\t\t<\/div> <!-- Close content div. -->\n\t<\/div> <!-- Close collapse div. -->\n<\/div> <!-- Close card div. -->\n<!-- Start accordion card div. -->\n<div class=\"ea-card  sp-ea-single\">\n\t<!-- Start accordion header. -->\n\t<h6 class=\"ea-header\">\n\t\t<!-- Add anchor tag for header. -->\n\t\t<a class=\"collapsed\" id=\"ea-header-60657\" role=\"button\" data-sptoggle=\"spcollapse\" data-sptarget=\"#collapse60657\" aria-controls=\"collapse60657\" href=\"#\"  aria-expanded=\"false\" tabindex=\"0\">\n\t\t<i aria-hidden=\"true\" role=\"presentation\" class=\"ea-expand-icon eap-icon-ea-expand-plus\"><\/i> 8. Puis-je utiliser ce s\u00e9rum sur les cheveux de mes enfants ?\t\t<\/a> <!-- Close anchor tag for header. -->\n\t<\/h6>\t<!-- Close header tag. -->\n\t<!-- Start collapsible content div. -->\n\t<div class=\"sp-collapse spcollapse\" id=\"collapse60657\" data-parent=\"#sp-ea-6065\" role=\"region\" aria-labelledby=\"ea-header-60657\">  <!-- Content div. -->\n\t\t<div class=\"ea-body\">\n\t\t<p>Le s\u00e9rum est d\u00e9conseill\u00e9 pour les enfants de moins de 10 ans, en raison de la pr\u00e9sence d'huiles essentielles. Il est \u00e9galement recommand\u00e9 de consulter un professionnel de sant\u00e9 avant d'utiliser tout produit contenant des huiles essentielles pour les jeunes enfants.<\/p>\n\t\t<\/div> <!-- Close content div. -->\n\t<\/div> <!-- Close collapse div. -->\n<\/div> <!-- Close card div. -->\n<!-- Start accordion card div. -->\n<div class=\"ea-card  sp-ea-single\">\n\t<!-- Start accordion header. -->\n\t<h6 class=\"ea-header\">\n\t\t<!-- Add anchor tag for header. -->\n\t\t<a class=\"collapsed\" id=\"ea-header-60658\" role=\"button\" data-sptoggle=\"spcollapse\" data-sptarget=\"#collapse60658\" aria-controls=\"collapse60658\" href=\"#\"  aria-expanded=\"false\" tabindex=\"0\">\n\t\t<i aria-hidden=\"true\" role=\"presentation\" class=\"ea-expand-icon eap-icon-ea-expand-plus\"><\/i> 9. Ce s\u00e9rum peut-il \u00eatre utilis\u00e9 par les femmes enceintes ou allaitantes ?\t\t<\/a> <!-- Close anchor tag for header. -->\n\t<\/h6>\t<!-- Close header tag. -->\n\t<!-- Start collapsible content div. -->\n\t<div class=\"sp-collapse spcollapse\" id=\"collapse60658\" data-parent=\"#sp-ea-6065\" role=\"region\" aria-labelledby=\"ea-header-60658\">  <!-- Content div. -->\n\t\t<div class=\"ea-body\">\n\t\t<p>Non, ce s\u00e9rum est d\u00e9conseill\u00e9 pour les femmes enceintes ou allaitantes en raison de la pr\u00e9sence d'huiles essentielles qui peuvent ne pas \u00eatre adapt\u00e9es durant cette p\u00e9riode.<\/p>\n\t\t<\/div> <!-- Close content div. -->\n\t<\/div> <!-- Close collapse div. -->\n<\/div> <!-- Close card div. -->\n<!-- Start accordion card div. -->\n<div class=\"ea-card  sp-ea-single\">\n\t<!-- Start accordion header. -->\n\t<h6 class=\"ea-header\">\n\t\t<!-- Add anchor tag for header. -->\n\t\t<a class=\"collapsed\" id=\"ea-header-60659\" role=\"button\" data-sptoggle=\"spcollapse\" data-sptarget=\"#collapse60659\" aria-controls=\"collapse60659\" href=\"#\"  aria-expanded=\"false\" tabindex=\"0\">\n\t\t<i aria-hidden=\"true\" role=\"presentation\" class=\"ea-expand-icon eap-icon-ea-expand-plus\"><\/i> 10. Est-ce que ce s\u00e9rum peut aider contre la perte de cheveux due au stress ou \u00e0 des changements hormonaux ?\t\t<\/a> <!-- Close anchor tag for header. -->\n\t<\/h6>\t<!-- Close header tag. -->\n\t<!-- Start collapsible content div. -->\n\t<div class=\"sp-collapse spcollapse\" id=\"collapse60659\" data-parent=\"#sp-ea-6065\" role=\"region\" aria-labelledby=\"ea-header-60659\">  <!-- Content div. -->\n\t\t<div class=\"ea-body\">\n\t\t<p>Oui, les ingr\u00e9dients naturels comme l'huile de ricin, l'huile de nigelle et l'huile essentielle de romarin ont des propri\u00e9t\u00e9s stimulantes qui peuvent aider \u00e0 r\u00e9duire la perte de cheveux et favoriser la croissance, m\u00eame en cas de stress ou de changements hormonaux. Cependant, si la chute de cheveux persiste, il est conseill\u00e9 de consulter un dermatologue.<\/p>\n\t\t<\/div> <!-- Close content div. -->\n\t<\/div> <!-- Close collapse div. -->\n<\/div> <!-- Close card div. -->\n<\/div>\n<\/div>","protected":false},"excerpt":{"rendered":"<p>Le <strong>S\u00e9rum Anti ch\u00fbte<\/strong> vous aide \u00e0 combattre la chute des cheveux de mani\u00e8re naturelle avec notre s\u00e9rum anti-chute, formul\u00e9 \u00e0 base d&#8217;huiles v\u00e9g\u00e9tales press\u00e9es \u00e0 froid et d&#8217;<strong>huile essentielle de romarin<\/strong>. Ce s\u00e9rum stimule la croissance des cheveux, renforce le cuir chevelu et r\u00e9duit la chute gr\u00e2ce \u00e0 la synergie de ces ingr\u00e9dients puissants et 100% naturels.<\/p>","protected":false},"featured_media":5379,"comment_status":"closed","ping_status":"closed","template":"","meta":{"_monsterinsights_skip_tracking":false,"_monsterinsights_sitenote_active":false,"_monsterinsights_sitenote_note":"","_monsterinsights_sitenote_category":0},"product_brand":[],"product_cat":[73],"product_tag":[108,104,106,109,105,110,107],"class_list":{"0":"post-5378","1":"product","2":"type-product","3":"status-publish","4":"has-post-thumbnail","6":"product_cat-cheveux","7":"product_tag-produits-bio-anti-chute-de-cheveux","8":"product_tag-serum-anti-chute-bio","9":"product_tag-serum-capillaire-fortifiant-bio","10":"product_tag-serum-cheveux-bio-renforcateur","11":"product_tag-soins-naturels-contre-la-chute-de-cheveux","12":"product_tag-solution-naturelle-pour-cheveux-clairsemes","13":"product_tag-traitement-naturel-pour-cheveux-fragiles","16":"instock","17":"featured","18":"shipping-taxable","19":"purchasable","20":"product-type-simple"},"_links":{"self":[{"href":"https:\/\/soumicosmetics.com\/ar\/wp-json\/wp\/v2\/product\/5378","targetHints":{"allow":["GET"]}}],"collection":[{"href":"https:\/\/soumicosmetics.com\/ar\/wp-json\/wp\/v2\/product"}],"about":[{"href":"https:\/\/soumicosmetics.com\/ar\/wp-json\/wp\/v2\/types\/product"}],"replies":[{"embeddable":true,"href":"https:\/\/soumicosmetics.com\/ar\/wp-json\/wp\/v2\/comments?post=5378"}],"version-history":[{"count":0,"href":"https:\/\/soumicosmetics.com\/ar\/wp-json\/wp\/v2\/product\/5378\/revisions"}],"wp:featuredmedia":[{"embeddable":true,"href":"https:\/\/soumicosmetics.com\/ar\/wp-json\/wp\/v2\/media\/5379"}],"wp:attachment":[{"href":"https:\/\/soumicosmetics.com\/ar\/wp-json\/wp\/v2\/media?parent=5378"}],"wp:term":[{"taxonomy":"product_brand","embeddable":true,"href":"https:\/\/soumicosmetics.com\/ar\/wp-json\/wp\/v2\/product_brand?post=5378"},{"taxonomy":"product_cat","embeddable":true,"href":"https:\/\/soumicosmetics.com\/ar\/wp-json\/wp\/v2\/product_cat?post=5378"},{"taxonomy":"product_tag","embeddable":true,"href":"https:\/\/soumicosmetics.com\/ar\/wp-json\/wp\/v2\/product_tag?post=5378"}],"curies":[{"name":"wp","href":"https:\/\/api.w.org\/{rel}","templated":true}]}}