{"id":5375,"date":"2024-12-11T15:14:58","date_gmt":"2024-12-11T15:14:58","guid":{"rendered":"https:\/\/soumicosmetics.com\/?post_type=product&#038;p=5375"},"modified":"2025-11-27T17:58:12","modified_gmt":"2025-11-27T17:58:12","slug":"serum-anti-age","status":"publish","type":"product","link":"https:\/\/soumicosmetics.com\/ar\/product\/serum-anti-age\/","title":{"rendered":"Se\u0301rum Anti \u00e2ge"},"content":{"rendered":"<h3>R\u00e9sultats du S\u00e9rum Anti \u00c2ge :<\/h3>\n<ul style=\"color: #0f0f0f;\">\n<li>R\u00e9duit les rides et ridules visibles<\/li>\n<li>Hydrate et nourrit en profondeur<\/li>\n<li>Apporte \u00e9clat et luminosit\u00e9 \u00e0 la peau<\/li>\n<li>Id\u00e9al pour les peaux sensibles et matures<\/li>\n<li>Aide \u00e0 unifier le teint et att\u00e9nuer les t\u00e2ches<\/li>\n<\/ul>\n<h3>Pour qui ?<\/h3>\n<p>Formul\u00e9 pour les peaux s\u00e8ches sensibles y compris les peaux matures ternes et sans \u00e9clat pr\u00e9sentant des taches brunes<\/p>\n<h3>Conseils d\u2019utilisation :<\/h3>\n<p>Appliquez quelques gouttes du s\u00e9rum sur une peau propre et l\u00e9g\u00e8rement humide, matin et soir, en massant d\u00e9licatement jusqu\u2019\u00e0 absorption compl\u00e8te. Sans oublier le coup.<\/p>\n<style>#sp-ea-6067 .spcollapsing { height: 0; overflow: hidden; transition-property: height;transition-duration: 300ms;}#sp-ea-6067.sp-easy-accordion>.sp-ea-single {margin-bottom: 10px; border: 1px solid #e2e2e2; }#sp-ea-6067.sp-easy-accordion>.sp-ea-single>.ea-header a {color: #631d3c;}#sp-ea-6067.sp-easy-accordion>.sp-ea-single>.sp-collapse>.ea-body {background: #fff; color: #444;}#sp-ea-6067.sp-easy-accordion>.sp-ea-single {background: #f3c5ba;}#sp-ea-6067.sp-easy-accordion>.sp-ea-single>.ea-header a .ea-expand-icon { float: left; color: #444;font-size: 16px;}<\/style><div id=\"sp_easy_accordion-1736691560\">\n<div id=\"sp-ea-6067\" class=\"sp-ea-one sp-easy-accordion\" data-ea-active=\"ea-click\" data-ea-mode=\"vertical\" data-preloader=\"\" data-scroll-active-item=\"\" data-offset-to-scroll=\"0\">\n\n<!-- Start accordion card div. -->\n<div class=\"ea-card ea-expand sp-ea-single\">\n\t<!-- Start accordion header. -->\n\t<h6 class=\"ea-header\">\n\t\t<!-- Add anchor tag for header. -->\n\t\t<a class=\"collapsed\" id=\"ea-header-60670\" role=\"button\" data-sptoggle=\"spcollapse\" data-sptarget=\"#collapse60670\" aria-controls=\"collapse60670\" href=\"#\"  aria-expanded=\"true\" tabindex=\"0\">\n\t\t<i aria-hidden=\"true\" role=\"presentation\" class=\"ea-expand-icon eap-icon-ea-expand-minus\"><\/i> 1. \u00c0 quel type de peau ce s\u00e9rum est-il adapt\u00e9 ?\t\t<\/a> <!-- Close anchor tag for header. -->\n\t<\/h6>\t<!-- Close header tag. -->\n\t<!-- Start collapsible content div. -->\n\t<div class=\"sp-collapse spcollapse collapsed show\" id=\"collapse60670\" data-parent=\"#sp-ea-6067\" role=\"region\" aria-labelledby=\"ea-header-60670\">  <!-- Content div. -->\n\t\t<div class=\"ea-body\">\n\t\t<p>Ce s\u00e9rum est sp\u00e9cialement formul\u00e9 pour les peaux s\u00e8ches, sensibles et matures. Il convient \u00e9galement aux peaux sujettes aux rides et qui recherchent un teint plus lumineux.<\/p>\n\t\t<\/div> <!-- Close content div. -->\n\t<\/div> <!-- Close collapse div. -->\n<\/div> <!-- Close card div. -->\n<!-- Start accordion card div. -->\n<div class=\"ea-card  sp-ea-single\">\n\t<!-- Start accordion header. -->\n\t<h6 class=\"ea-header\">\n\t\t<!-- Add anchor tag for header. -->\n\t\t<a class=\"collapsed\" id=\"ea-header-60671\" role=\"button\" data-sptoggle=\"spcollapse\" data-sptarget=\"#collapse60671\" aria-controls=\"collapse60671\" href=\"#\"  aria-expanded=\"false\" tabindex=\"0\">\n\t\t<i aria-hidden=\"true\" role=\"presentation\" class=\"ea-expand-icon eap-icon-ea-expand-plus\"><\/i> 2. Quand puis-je commencer \u00e0 utiliser ce s\u00e9rum ?\t\t<\/a> <!-- Close anchor tag for header. -->\n\t<\/h6>\t<!-- Close header tag. -->\n\t<!-- Start collapsible content div. -->\n\t<div class=\"sp-collapse spcollapse\" id=\"collapse60671\" data-parent=\"#sp-ea-6067\" role=\"region\" aria-labelledby=\"ea-header-60671\">  <!-- Content div. -->\n\t\t<div class=\"ea-body\">\n\t\t<p>Ce s\u00e9rum est recommand\u00e9 d\u00e8s l'apparition des premiers signes de l'\u00e2ge, \u00e0 partir de 30 ans. Toutefois, il peut \u00eatre utilis\u00e9 plus t\u00f4t si vous avez la peau s\u00e8che ou sensible et souhaitez pr\u00e9venir les signes de vieillissement.<\/p>\n\t\t<\/div> <!-- Close content div. -->\n\t<\/div> <!-- Close collapse div. -->\n<\/div> <!-- Close card div. -->\n<!-- Start accordion card div. -->\n<div class=\"ea-card  sp-ea-single\">\n\t<!-- Start accordion header. -->\n\t<h6 class=\"ea-header\">\n\t\t<!-- Add anchor tag for header. -->\n\t\t<a class=\"collapsed\" id=\"ea-header-60672\" role=\"button\" data-sptoggle=\"spcollapse\" data-sptarget=\"#collapse60672\" aria-controls=\"collapse60672\" href=\"#\"  aria-expanded=\"false\" tabindex=\"0\">\n\t\t<i aria-hidden=\"true\" role=\"presentation\" class=\"ea-expand-icon eap-icon-ea-expand-plus\"><\/i> 3. Comment appliquer ce s\u00e9rum ?\t\t<\/a> <!-- Close anchor tag for header. -->\n\t<\/h6>\t<!-- Close header tag. -->\n\t<!-- Start collapsible content div. -->\n\t<div class=\"sp-collapse spcollapse\" id=\"collapse60672\" data-parent=\"#sp-ea-6067\" role=\"region\" aria-labelledby=\"ea-header-60672\">  <!-- Content div. -->\n\t\t<div class=\"ea-body\">\n\t\t<p>Appliquez quelques gouttes du s\u00e9rum sur une peau propre et l\u00e9g\u00e8rement humide, matin et soir. Massez doucement jusqu'\u00e0 absorption compl\u00e8te. Sans oublier le coup<\/p>\n\t\t<\/div> <!-- Close content div. -->\n\t<\/div> <!-- Close collapse div. -->\n<\/div> <!-- Close card div. -->\n<!-- Start accordion card div. -->\n<div class=\"ea-card  sp-ea-single\">\n\t<!-- Start accordion header. -->\n\t<h6 class=\"ea-header\">\n\t\t<!-- Add anchor tag for header. -->\n\t\t<a class=\"collapsed\" id=\"ea-header-60673\" role=\"button\" data-sptoggle=\"spcollapse\" data-sptarget=\"#collapse60673\" aria-controls=\"collapse60673\" href=\"#\"  aria-expanded=\"false\" tabindex=\"0\">\n\t\t<i aria-hidden=\"true\" role=\"presentation\" class=\"ea-expand-icon eap-icon-ea-expand-plus\"><\/i> 4. Puis-je utiliser ce s\u00e9rum avec d'autres produits de soin ?\t\t<\/a> <!-- Close anchor tag for header. -->\n\t<\/h6>\t<!-- Close header tag. -->\n\t<!-- Start collapsible content div. -->\n\t<div class=\"sp-collapse spcollapse\" id=\"collapse60673\" data-parent=\"#sp-ea-6067\" role=\"region\" aria-labelledby=\"ea-header-60673\">  <!-- Content div. -->\n\t\t<div class=\"ea-body\">\n\t\t<p>Il est pr\u00e9f\u00e9rable de ne pas m\u00e9langer le S\u00e9rum avec d\u2019autres produits traitants (comme des s\u00e9rums ou cr\u00e8mes cibl\u00e9es) lors de son utilisation, afin de mieux observer ses r\u00e9sultats. Utilisez-le seul pour voir son efficacit\u00e9 optimale. Toutefois, vous pouvez compl\u00e9ter votre routine avec une protection solaire, apr\u00e8s l\u2019application du s\u00e9rum,\u00a0 pour prot\u00e9ger votre peau au quotidien.<\/p>\n\t\t<\/div> <!-- Close content div. -->\n\t<\/div> <!-- Close collapse div. -->\n<\/div> <!-- Close card div. -->\n<!-- Start accordion card div. -->\n<div class=\"ea-card  sp-ea-single\">\n\t<!-- Start accordion header. -->\n\t<h6 class=\"ea-header\">\n\t\t<!-- Add anchor tag for header. -->\n\t\t<a class=\"collapsed\" id=\"ea-header-60674\" role=\"button\" data-sptoggle=\"spcollapse\" data-sptarget=\"#collapse60674\" aria-controls=\"collapse60674\" href=\"#\"  aria-expanded=\"false\" tabindex=\"0\">\n\t\t<i aria-hidden=\"true\" role=\"presentation\" class=\"ea-expand-icon eap-icon-ea-expand-plus\"><\/i> 5. Est-ce que ce s\u00e9rum convient aux peaux sensibles ?\t\t<\/a> <!-- Close anchor tag for header. -->\n\t<\/h6>\t<!-- Close header tag. -->\n\t<!-- Start collapsible content div. -->\n\t<div class=\"sp-collapse spcollapse\" id=\"collapse60674\" data-parent=\"#sp-ea-6067\" role=\"region\" aria-labelledby=\"ea-header-60674\">  <!-- Content div. -->\n\t\t<div class=\"ea-body\">\n\t\t<p>Oui, ce s\u00e9rum est sp\u00e9cialement formul\u00e9 pour les peaux sensibles. Il contient des ingr\u00e9dients apaisants qui respectent l'\u00e9quilibre de la peau tout en offrant une action anti-\u00e2ge et \u00e9claircissante. Toutefois, il est recommand\u00e9 de faire un test de tol\u00e9rance sur une petite zone avant une premi\u00e8re utilisation.<\/p>\n\t\t<\/div> <!-- Close content div. -->\n\t<\/div> <!-- Close collapse div. -->\n<\/div> <!-- Close card div. -->\n<!-- Start accordion card div. -->\n<div class=\"ea-card  sp-ea-single\">\n\t<!-- Start accordion header. -->\n\t<h6 class=\"ea-header\">\n\t\t<!-- Add anchor tag for header. -->\n\t\t<a class=\"collapsed\" id=\"ea-header-60675\" role=\"button\" data-sptoggle=\"spcollapse\" data-sptarget=\"#collapse60675\" aria-controls=\"collapse60675\" href=\"#\"  aria-expanded=\"false\" tabindex=\"0\">\n\t\t<i aria-hidden=\"true\" role=\"presentation\" class=\"ea-expand-icon eap-icon-ea-expand-plus\"><\/i> 6. Quelle est la dur\u00e9e des r\u00e9sultats ?\t\t<\/a> <!-- Close anchor tag for header. -->\n\t<\/h6>\t<!-- Close header tag. -->\n\t<!-- Start collapsible content div. -->\n\t<div class=\"sp-collapse spcollapse\" id=\"collapse60675\" data-parent=\"#sp-ea-6067\" role=\"region\" aria-labelledby=\"ea-header-60675\">  <!-- Content div. -->\n\t\t<div class=\"ea-body\">\n\t\t<p>Les r\u00e9sultats visibles peuvent appara\u00eetre d\u00e8s 2 \u00e0 3 semaines d'utilisation r\u00e9guli\u00e8re, notamment en termes de peau plus lumineuse et de r\u00e9duction des signes de l'\u00e2ge. Cependant, des r\u00e9sultats optimaux sont obtenus apr\u00e8s 4 \u00e0 6 semaines d'application quotidienne.<\/p>\n\t\t<\/div> <!-- Close content div. -->\n\t<\/div> <!-- Close collapse div. -->\n<\/div> <!-- Close card div. -->\n<!-- Start accordion card div. -->\n<div class=\"ea-card  sp-ea-single\">\n\t<!-- Start accordion header. -->\n\t<h6 class=\"ea-header\">\n\t\t<!-- Add anchor tag for header. -->\n\t\t<a class=\"collapsed\" id=\"ea-header-60676\" role=\"button\" data-sptoggle=\"spcollapse\" data-sptarget=\"#collapse60676\" aria-controls=\"collapse60676\" href=\"#\"  aria-expanded=\"false\" tabindex=\"0\">\n\t\t<i aria-hidden=\"true\" role=\"presentation\" class=\"ea-expand-icon eap-icon-ea-expand-plus\"><\/i> 7. Ce s\u00e9rum contient-il des ingr\u00e9dients naturels ?\t\t<\/a> <!-- Close anchor tag for header. -->\n\t<\/h6>\t<!-- Close header tag. -->\n\t<!-- Start collapsible content div. -->\n\t<div class=\"sp-collapse spcollapse\" id=\"collapse60676\" data-parent=\"#sp-ea-6067\" role=\"region\" aria-labelledby=\"ea-header-60676\">  <!-- Content div. -->\n\t\t<div class=\"ea-body\">\n\t\t<p>Oui, notre s\u00e9rum contient des ingr\u00e9dients naturels et soigneusement s\u00e9lectionn\u00e9s pour leur efficacit\u00e9 sur les peaux matures, sensibles et s\u00e8ches. Nous privil\u00e9gions des formulations douces et respectueuses de votre peau.<\/p>\n\t\t<\/div> <!-- Close content div. -->\n\t<\/div> <!-- Close collapse div. -->\n<\/div> <!-- Close card div. -->\n<!-- Start accordion card div. -->\n<div class=\"ea-card  sp-ea-single\">\n\t<!-- Start accordion header. -->\n\t<h6 class=\"ea-header\">\n\t\t<!-- Add anchor tag for header. -->\n\t\t<a class=\"collapsed\" id=\"ea-header-60677\" role=\"button\" data-sptoggle=\"spcollapse\" data-sptarget=\"#collapse60677\" aria-controls=\"collapse60677\" href=\"#\"  aria-expanded=\"false\" tabindex=\"0\">\n\t\t<i aria-hidden=\"true\" role=\"presentation\" class=\"ea-expand-icon eap-icon-ea-expand-plus\"><\/i> 8. Puis-je utiliser ce s\u00e9rum pendant ma grossesse ou mon allaitement ?\t\t<\/a> <!-- Close anchor tag for header. -->\n\t<\/h6>\t<!-- Close header tag. -->\n\t<!-- Start collapsible content div. -->\n\t<div class=\"sp-collapse spcollapse\" id=\"collapse60677\" data-parent=\"#sp-ea-6067\" role=\"region\" aria-labelledby=\"ea-header-60677\">  <!-- Content div. -->\n\t\t<div class=\"ea-body\">\n\t\t<p>Vous pouvez l\u2019utiliser \u00a0notre s\u00e9rum est formul\u00e9 avec des ingr\u00e9dients s\u00fbrs et doux.<\/p>\n\t\t<\/div> <!-- Close content div. -->\n\t<\/div> <!-- Close collapse div. -->\n<\/div> <!-- Close card div. -->\n<!-- Start accordion card div. -->\n<div class=\"ea-card  sp-ea-single\">\n\t<!-- Start accordion header. -->\n\t<h6 class=\"ea-header\">\n\t\t<!-- Add anchor tag for header. -->\n\t\t<a class=\"collapsed\" id=\"ea-header-60678\" role=\"button\" data-sptoggle=\"spcollapse\" data-sptarget=\"#collapse60678\" aria-controls=\"collapse60678\" href=\"#\"  aria-expanded=\"false\" tabindex=\"0\">\n\t\t<i aria-hidden=\"true\" role=\"presentation\" class=\"ea-expand-icon eap-icon-ea-expand-plus\"><\/i> 9. Quelle est la taille du flacon et combien de temps dure le produit ?\t\t<\/a> <!-- Close anchor tag for header. -->\n\t<\/h6>\t<!-- Close header tag. -->\n\t<!-- Start collapsible content div. -->\n\t<div class=\"sp-collapse spcollapse\" id=\"collapse60678\" data-parent=\"#sp-ea-6067\" role=\"region\" aria-labelledby=\"ea-header-60678\">  <!-- Content div. -->\n\t\t<div class=\"ea-body\">\n\t\t<p>Le s\u00e9rum est disponible en flacon de 30 ml. Selon la fr\u00e9quence d\u2019utilisation, il peut durer entre 2 \u00e0 3 mois.<\/p>\n\t\t<\/div> <!-- Close content div. -->\n\t<\/div> <!-- Close collapse div. -->\n<\/div> <!-- Close card div. -->\n<\/div>\n<\/div>","protected":false},"excerpt":{"rendered":"<p><strong>Peaux S\u00e8ches, Sensibles et Matures | Antirides et \u00c9claircissant<br \/>\n<\/strong><br \/>\nLe S\u00e9rum Anti \u00c2ge offre \u00e0 votre peau un soin intensif avec notre s\u00e9rum anti-\u00e2ge revitalisant, con\u00e7u sp\u00e9cialement pour les peaux s\u00e8ches, sensibles et matures. Sa formule enrichie en ingr\u00e9dients actifs puissants aide \u00e0 r\u00e9duire l&#8217;apparence des rides tout en redonnant \u00e9clat et douceur \u00e0 la peau.<\/p>\n<p>Gr\u00e2ce \u00e0 son action hydratante en profondeur, ce s\u00e9rum nourrit intens\u00e9ment et apaise les peaux les plus d\u00e9licates. Les signes de l\u2019\u00e2ge sont visiblement att\u00e9nu\u00e9s, et la peau retrouve sa fermet\u00e9 et son \u00e9clat naturel. L&#8217;effet \u00e9claircissant de ce s\u00e9rum aide \u00e0 unifier le teint et \u00e0 estomper les taches, offrant ainsi une peau radieuse et lumineuse.<\/p>","protected":false},"featured_media":5307,"comment_status":"closed","ping_status":"closed","template":"","meta":{"_monsterinsights_skip_tracking":false,"_monsterinsights_sitenote_active":false,"_monsterinsights_sitenote_note":"","_monsterinsights_sitenote_category":0},"product_brand":[],"product_cat":[74],"product_tag":[102,97,101,99,98,100,103],"class_list":{"0":"post-5375","1":"product","2":"type-product","3":"status-publish","4":"has-post-thumbnail","6":"product_cat-visage","7":"product_tag-hydratant-anti-rides-bio","8":"product_tag-serum-anti-age-bio","9":"product_tag-serum-bio-pour-peau-mature","10":"product_tag-serum-liftant-naturel","11":"product_tag-soins-naturels-pour-reduire-les-rides","12":"product_tag-soins-visage-anti-age-bio","13":"product_tag-solution-naturelle-contre-le-vieillissement-de-la-peau","16":"instock","17":"featured","18":"shipping-taxable","19":"purchasable","20":"product-type-simple"},"_links":{"self":[{"href":"https:\/\/soumicosmetics.com\/ar\/wp-json\/wp\/v2\/product\/5375","targetHints":{"allow":["GET"]}}],"collection":[{"href":"https:\/\/soumicosmetics.com\/ar\/wp-json\/wp\/v2\/product"}],"about":[{"href":"https:\/\/soumicosmetics.com\/ar\/wp-json\/wp\/v2\/types\/product"}],"replies":[{"embeddable":true,"href":"https:\/\/soumicosmetics.com\/ar\/wp-json\/wp\/v2\/comments?post=5375"}],"version-history":[{"count":0,"href":"https:\/\/soumicosmetics.com\/ar\/wp-json\/wp\/v2\/product\/5375\/revisions"}],"wp:featuredmedia":[{"embeddable":true,"href":"https:\/\/soumicosmetics.com\/ar\/wp-json\/wp\/v2\/media\/5307"}],"wp:attachment":[{"href":"https:\/\/soumicosmetics.com\/ar\/wp-json\/wp\/v2\/media?parent=5375"}],"wp:term":[{"taxonomy":"product_brand","embeddable":true,"href":"https:\/\/soumicosmetics.com\/ar\/wp-json\/wp\/v2\/product_brand?post=5375"},{"taxonomy":"product_cat","embeddable":true,"href":"https:\/\/soumicosmetics.com\/ar\/wp-json\/wp\/v2\/product_cat?post=5375"},{"taxonomy":"product_tag","embeddable":true,"href":"https:\/\/soumicosmetics.com\/ar\/wp-json\/wp\/v2\/product_tag?post=5375"}],"curies":[{"name":"wp","href":"https:\/\/api.w.org\/{rel}","templated":true}]}}