{"id":5333,"date":"2024-12-11T10:50:05","date_gmt":"2024-12-11T10:50:05","guid":{"rendered":"https:\/\/soumicosmetics.com\/?post_type=product&#038;p=5333"},"modified":"2026-01-17T18:07:18","modified_gmt":"2026-01-17T18:07:18","slug":"masque-reparateur-pour-cheveux","status":"publish","type":"product","link":"https:\/\/soumicosmetics.com\/ar\/product\/masque-reparateur-pour-cheveux\/","title":{"rendered":"Masque Re\u0301parateur Pour Cheveux"},"content":{"rendered":"<div data-elementor-type=\"wp-post\" data-elementor-id=\"5333\" class=\"elementor elementor-5333\">\n\t\t\t\t<div class=\"elementor-element elementor-element-bac4835 e-flex e-con-boxed e-con e-parent\" data-id=\"bac4835\" data-element_type=\"container\" data-e-type=\"container\">\n\t\t\t\t\t<div class=\"e-con-inner\">\n\t\t\t\t<div class=\"elementor-element elementor-element-683f117c texte-coupe elementor-widget elementor-widget-text-editor\" data-id=\"683f117c\" data-element_type=\"widget\" data-e-type=\"widget\" data-widget_type=\"text-editor.default\">\n\t\t\t\t<div class=\"elementor-widget-container\">\n\t\t\t\t\t\t\t\t\t<h4><b>Bienfaits du Masque Re\u0301parateur Pour Cheveux :<\/b><\/h4><ul><li style=\"font-weight: 400;\" aria-level=\"1\"><b>R\u00e9paration intense :<\/b><span style=\"font-weight: 400;\"> R\u00e9pare les cheveux ab\u00eem\u00e9s et renforce la fibre capillaire.<\/span><\/li><li style=\"font-weight: 400;\" aria-level=\"1\"><b>Hydratation profonde :<\/b><span style=\"font-weight: 400;\"> Apporte une hydratation intense pour des cheveux doux, brillants et souples.<\/span><\/li><li style=\"font-weight: 400;\" aria-level=\"1\"><b>Protection :<\/b><span style=\"font-weight: 400;\"> Prot\u00e8ge contre les dommages futurs en renfor\u00e7ant les cheveux de la racine jusqu&#8217;aux pointes.<\/span><\/li><li style=\"font-weight: 400;\" aria-level=\"1\"><b>Soin nourrissant :<\/b><span style=\"font-weight: 400;\"> Laisse les cheveux nourrit, sans alourdir, pour un toucher soyeux.<\/span><\/li><li style=\"font-weight: 400;\" aria-level=\"1\"><b>Brillance :<\/b><span style=\"font-weight: 400;\"> Il laisse les cheveux plus brillants et plus doux. Il am\u00e9liore leur apparence globale et revitalise l\u2019aspect des chevelures ab\u00eem\u00e9es.<\/span><\/li><\/ul>\t\t\t\t\t\t\t\t<\/div>\n\t\t\t\t<\/div>\n\t\t\t\t<div class=\"elementor-element elementor-element-666d7f1c elementor-widget elementor-widget-html\" data-id=\"666d7f1c\" data-element_type=\"widget\" data-e-type=\"widget\" data-widget_type=\"html.default\">\n\t\t\t\t<div class=\"elementor-widget-container\">\n\t\t\t\t\t<div class=\"bouton-voir-plus\">Voir plus<\/div>\n<script>\ndocument.addEventListener('DOMContentLoaded', function() {\n  const bouton = document.querySelector('.bouton-voir-plus');\n  const texte = document.querySelector('.texte-coupe');\n\n  bouton.addEventListener('click', function() {\n    texte.classList.toggle('expand');\n    if (texte.classList.contains('expand')) {\n      bouton.textContent = \"Voir moins\";\n    } else {\n      bouton.textContent = \"Voir plus\";\n    }\n  });\n});\n<\/script>\t\t\t\t<\/div>\n\t\t\t\t<\/div>\n\t\t\t\t\t<\/div>\n\t\t\t\t<\/div>\n\t\t\t\t<\/div>","protected":false},"excerpt":{"rendered":"<p><strong>Soin Intensif et Restauration Profonde\u00a0<\/strong><br \/>\nLe <strong>Masque Re\u0301parateur Pour Cheveux <\/strong>Offre \u00e0 vos cheveux le soin qu\u2019ils m\u00e9ritent avec notre masque r\u00e9parateur pour cheveux, formul\u00e9 pour nourrir, hydrater et r\u00e9parer en profondeur. Enrichi en ingr\u00e9dients naturels et actifs puissants, ce masque est id\u00e9al pour les cheveux secs, ab\u00eem\u00e9s, ou fragilis\u00e9s par les traitements chimiques, la chaleur, ou les agressions ext\u00e9rieures.<\/p>","protected":false},"featured_media":5998,"comment_status":"open","ping_status":"closed","template":"","meta":{"_monsterinsights_skip_tracking":false,"_monsterinsights_sitenote_active":false,"_monsterinsights_sitenote_note":"","_monsterinsights_sitenote_category":0},"product_brand":[],"product_cat":[73],"product_tag":[94,96,92,90,93,95,91],"class_list":{"0":"post-5333","1":"product","2":"type-product","3":"status-publish","4":"has-post-thumbnail","6":"product_cat-cheveux","7":"product_tag-masque-capillaire-hydratant-bio","8":"product_tag-masque-cheveux-bio-nourrissant","9":"product_tag-masque-naturel-pour-cheveux-secs","10":"product_tag-masque-reparateur-cheveux","11":"product_tag-reparation-capillaire-bio","12":"product_tag-soin-cheveux-bio-revitalisant","13":"product_tag-soins-bio-pour-cheveux-abimes","16":"instock","17":"featured","18":"shipping-taxable","19":"purchasable","20":"product-type-simple"},"_links":{"self":[{"href":"https:\/\/soumicosmetics.com\/ar\/wp-json\/wp\/v2\/product\/5333","targetHints":{"allow":["GET"]}}],"collection":[{"href":"https:\/\/soumicosmetics.com\/ar\/wp-json\/wp\/v2\/product"}],"about":[{"href":"https:\/\/soumicosmetics.com\/ar\/wp-json\/wp\/v2\/types\/product"}],"replies":[{"embeddable":true,"href":"https:\/\/soumicosmetics.com\/ar\/wp-json\/wp\/v2\/comments?post=5333"}],"version-history":[{"count":3,"href":"https:\/\/soumicosmetics.com\/ar\/wp-json\/wp\/v2\/product\/5333\/revisions"}],"predecessor-version":[{"id":7869,"href":"https:\/\/soumicosmetics.com\/ar\/wp-json\/wp\/v2\/product\/5333\/revisions\/7869"}],"wp:featuredmedia":[{"embeddable":true,"href":"https:\/\/soumicosmetics.com\/ar\/wp-json\/wp\/v2\/media\/5998"}],"wp:attachment":[{"href":"https:\/\/soumicosmetics.com\/ar\/wp-json\/wp\/v2\/media?parent=5333"}],"wp:term":[{"taxonomy":"product_brand","embeddable":true,"href":"https:\/\/soumicosmetics.com\/ar\/wp-json\/wp\/v2\/product_brand?post=5333"},{"taxonomy":"product_cat","embeddable":true,"href":"https:\/\/soumicosmetics.com\/ar\/wp-json\/wp\/v2\/product_cat?post=5333"},{"taxonomy":"product_tag","embeddable":true,"href":"https:\/\/soumicosmetics.com\/ar\/wp-json\/wp\/v2\/product_tag?post=5333"}],"curies":[{"name":"wp","href":"https:\/\/api.w.org\/{rel}","templated":true}]}}